{"id":5416,"date":"2020-12-11T12:25:36","date_gmt":"2020-12-11T09:25:36","guid":{"rendered":"http:\/\/teknikonmedikal.com\/projects\/"},"modified":"2022-05-03T00:57:59","modified_gmt":"2022-05-02T21:57:59","slug":"projects","status":"publish","type":"page","link":"https:\/\/teknikonmedikal.com\/ar\/projects\/","title":{"rendered":"\u0627\u0644\u0645\u0634\u0627\u0631\u064a\u0639"},"content":{"rendered":"<p>[vc_row rt_row_background_width=&#8221;default&#8221; rt_row_style=&#8221;default-style&#8221; rt_row_borders=&#8221;&#8221; rt_row_paddings=&#8221;true&#8221; rt_bg_effect=&#8221;classic&#8221; rt_bg_image_repeat=&#8221;repeat&#8221; rt_bg_size=&#8221;cover&#8221; rt_bg_position=&#8221;right top&#8221; rt_bg_attachment=&#8221;scroll&#8221; rt_bg_video_format=&#8221;self-hosted&#8221;][vc_column rt_wrp_col_paddings=&#8221;false&#8221; rt_border_top=&#8221;&#8221; rt_border_bottom=&#8221;&#8221; rt_border_left=&#8221;&#8221; rt_border_right=&#8221;&#8221; rt_border_top_mobile=&#8221;&#8221; rt_border_bottom_mobile=&#8221;&#8221; rt_border_left_mobile=&#8221;&#8221; rt_border_right_mobile=&#8221;&#8221; rt_bg_image_repeat=&#8221;repeat&#8221; rt_bg_size=&#8221;auto auto&#8221; rt_bg_position=&#8221;right top&#8221; rt_bg_attachment=&#8221;scroll&#8221;]\n\t\t\t\t\t\t<div class=\"filter-holder\" data-list-id=\"portfolio-dynamicID-877375\">\n\t\t\t\t\t\t<ul class=\"filter_navigation\"><li><a href=\"#\" data-filter=\"*\" class=\"active animate\" title=\"Show All\"><span class=\"icon-filter\"><\/span><\/a><\/li> <li><a href=\"#\" data-filter=\".dezenfeksiyonlu-vakum-sistemi\">Dezenfeksiyonlu Vakum Sistemi<\/a><\/li><li><a href=\"#\" data-filter=\".laboratuvar-endustriyel-gaz-tesisati\">Laboratuvar End\u00fcstriyel Gaz Tesisat\u0131<\/a><\/li><li><a href=\"#\" data-filter=\".medikal-gaz-tesisati\">Medikal Gaz Tesisat\u0131<\/a><\/li><li><a href=\"#\" data-filter=\".pnomatik-tup-tasima-sistemi\">Pn\u00f6matik T\u00fcp Ta\u015f\u0131ma Sistemi<\/a><\/li><li><a href=\"#\" data-filter=\".tamamlanan-projeler\">Tamamlanan Projeler<\/a><\/li><\/ul>\n\t\t\t\t\t\t<\/div>\n<div id=\"portfolio-dynamicID-877375\" class=\"portfolio_list clearfix  border_grid fixed_heights filterable\" data-column-width=\"4\">\n<div class=\"row clearfix\">\n<div class=\"col col-sm-3   medical-gas-installation-ar completed-projects-ar\">\n \n\n<!-- portfolio box-->\n<div class=\"loop style-1 image post-5336 portfolio type-portfolio status-publish has-post-thumbnail hentry portfolio_categories-medical-gas-installation-ar portfolio_categories-completed-projects-ar\" id=\"portfolio-5336\">\n\n\t\n\n\t\t\t\t<figure class=\"featured_image\">\n\t\t\t\t\t<img decoding=\"async\" src=\"https:\/\/teknikonmedikal.com\/wp-content\/uploads\/2020\/12\/1-Prof.-Dr.-Feriha-Oz-Acil-Durum-Hastanesi-400x267.jpg\" alt=\"\" class=\"\" \/>\n\t\t\t\t\t<div class=\"overlay\"><ul class=\"action_buttons\"><li><a class=\"link\" href=\"https:\/\/teknikonmedikal.com\/ar\/project-details\/sancaktepe-field-hospital\/\" title=\"\u0645\u0633\u062a\u0634\u0641\u0649 &#8221; \u0633\u0646\u062c\u0642 \u062a\u0628\u0629&#8221; \u0627\u0644\u0645\u064a\u062f\u0627\u0646\u064a\" target=\"_self\"><\/a><\/li><\/ul><\/div>\n\t\t\t\t<\/figure>\n\n\t\t\t\t<section class=\"text\">\n\t\t\t\t\t<h5><a href=\"https:\/\/teknikonmedikal.com\/ar\/project-details\/sancaktepe-field-hospital\/\" target=\"_self\" rel=\"bookmark\">\u0645\u0633\u062a\u0634\u0641\u0649 &#8221; \u0633\u0646\u062c\u0642 \u062a\u0628\u0629&#8221; \u0627\u0644\u0645\u064a\u062f\u0627\u0646\u064a<\/a><\/h5>\n\t\t\t\t\t\n\t\t\t\t<\/section> \n\n\t\t\t\n<\/div> \n<!-- \/ portfolio box-->\n<\/div>\n<div class=\"col col-sm-3   medical-gas-installation-ar completed-projects-ar\">\n \n\n<!-- portfolio box-->\n<div class=\"loop style-1 image post-5342 portfolio type-portfolio status-publish has-post-thumbnail hentry portfolio_categories-medical-gas-installation-ar portfolio_categories-completed-projects-ar\" id=\"portfolio-5342\">\n\n\t\n\n\t\t\t\t<figure class=\"featured_image\">\n\t\t\t\t\t<img decoding=\"async\" src=\"https:\/\/teknikonmedikal.com\/wp-content\/uploads\/2020\/12\/1-Prof-Dr-Murat-Dilmener-Acil-Durum-Hastanesi-400x267.jpg\" alt=\"\" class=\"\" \/>\n\t\t\t\t\t<div class=\"overlay\"><ul class=\"action_buttons\"><li><a class=\"link\" href=\"https:\/\/teknikonmedikal.com\/ar\/project-details\/yesilkoy-field-hospital\/\" title=\"\u0645\u0633\u062a\u0634\u0641\u0649 &#8220;\u064a\u0634\u064a\u0644 \u0643\u0648\u064a&#8221; \u0627\u0644\u0645\u064a\u062f\u0627\u0646\u064a\" target=\"_self\"><\/a><\/li><\/ul><\/div>\n\t\t\t\t<\/figure>\n\n\t\t\t\t<section class=\"text\">\n\t\t\t\t\t<h5><a href=\"https:\/\/teknikonmedikal.com\/ar\/project-details\/yesilkoy-field-hospital\/\" target=\"_self\" rel=\"bookmark\">\u0645\u0633\u062a\u0634\u0641\u0649 &#8220;\u064a\u0634\u064a\u0644 \u0643\u0648\u064a&#8221; \u0627\u0644\u0645\u064a\u062f\u0627\u0646\u064a<\/a><\/h5>\n\t\t\t\t\t\n\t\t\t\t<\/section> \n\n\t\t\t\n<\/div> \n<!-- \/ portfolio box-->\n<\/div>\n<div class=\"col col-sm-3   medical-gas-installation-ar completed-projects-ar\">\n \n\n<!-- portfolio box-->\n<div class=\"loop style-1 image post-5348 portfolio type-portfolio status-publish has-post-thumbnail hentry portfolio_categories-medical-gas-installation-ar portfolio_categories-completed-projects-ar\" id=\"portfolio-5348\">\n\n\t\n\n\t\t\t\t<figure class=\"featured_image\">\n\t\t\t\t\t<img decoding=\"async\" src=\"https:\/\/teknikonmedikal.com\/wp-content\/uploads\/2020\/12\/1-Basaksehir-Cam-ve-Sakura-Hastanesi-400x267.jpg\" alt=\"\" class=\"\" \/>\n\t\t\t\t\t<div class=\"overlay\"><ul class=\"action_buttons\"><li><a class=\"link\" href=\"https:\/\/teknikonmedikal.com\/ar\/project-details\/basaksehir-city-hospital\/\" title=\"\u0645\u0633\u062a\u0634\u0641\u0649 &#8221; \u0628\u0627\u0634\u0627\u0643 \u0634\u0647\u064a\u0631 &#8220;\" target=\"_self\"><\/a><\/li><\/ul><\/div>\n\t\t\t\t<\/figure>\n\n\t\t\t\t<section class=\"text\">\n\t\t\t\t\t<h5><a href=\"https:\/\/teknikonmedikal.com\/ar\/project-details\/basaksehir-city-hospital\/\" target=\"_self\" rel=\"bookmark\">\u0645\u0633\u062a\u0634\u0641\u0649 &#8221; \u0628\u0627\u0634\u0627\u0643 \u0634\u0647\u064a\u0631 &#8220;<\/a><\/h5>\n\t\t\t\t\t\n\t\t\t\t<\/section> \n\n\t\t\t\n<\/div> \n<!-- \/ portfolio box-->\n<\/div>\n<div class=\"col col-sm-3   medical-gas-installation-ar completed-projects-ar\">\n \n\n<!-- portfolio box-->\n<div class=\"loop style-1 image post-5354 portfolio type-portfolio status-publish has-post-thumbnail hentry portfolio_categories-medical-gas-installation-ar portfolio_categories-completed-projects-ar\" id=\"portfolio-5354\">\n\n\t\n\n\t\t\t\t<figure class=\"featured_image\">\n\t\t\t\t\t<img decoding=\"async\" src=\"https:\/\/teknikonmedikal.com\/wp-content\/uploads\/2020\/12\/Bursa-Sehir-Hastanesi-400x267.jpg\" alt=\"\" class=\"\" \/>\n\t\t\t\t\t<div class=\"overlay\"><ul class=\"action_buttons\"><li><a class=\"link\" href=\"https:\/\/teknikonmedikal.com\/ar\/project-details\/bursa-city-hospital\/\" title=\"\u0645\u0633\u062a\u0634\u0641\u0649 \u0627\u0644\u0645\u062f\u064a\u0646\u0629 \u0641\u064a \u0628\u0648\u0631\u0635\u0629\" target=\"_self\"><\/a><\/li><\/ul><\/div>\n\t\t\t\t<\/figure>\n\n\t\t\t\t<section class=\"text\">\n\t\t\t\t\t<h5><a href=\"https:\/\/teknikonmedikal.com\/ar\/project-details\/bursa-city-hospital\/\" target=\"_self\" rel=\"bookmark\">\u0645\u0633\u062a\u0634\u0641\u0649 \u0627\u0644\u0645\u062f\u064a\u0646\u0629 \u0641\u064a \u0628\u0648\u0631\u0635\u0629<\/a><\/h5>\n\t\t\t\t\t\n\t\t\t\t<\/section> \n\n\t\t\t\n<\/div> \n<!-- \/ portfolio box-->\n<\/div>\n<\/div>\n<div class=\"row clearfix\">\n<div class=\"col col-sm-3   pneumatic-tube-carrying-system-ar completed-projects-ar\">\n \n\n<!-- portfolio box-->\n<div class=\"loop style-1 image post-5360 portfolio type-portfolio status-publish has-post-thumbnail hentry portfolio_categories-pneumatic-tube-carrying-system-ar portfolio_categories-completed-projects-ar\" id=\"portfolio-5360\">\n\n\t\n\n\t\t\t\t<figure class=\"featured_image\">\n\t\t\t\t\t<img decoding=\"async\" src=\"https:\/\/teknikonmedikal.com\/wp-content\/uploads\/2020\/12\/1-Diyarbakir-Bati-Goz-Hastanesi-400x267.jpg\" alt=\"\" class=\"\" \/>\n\t\t\t\t\t<div class=\"overlay\"><ul class=\"action_buttons\"><li><a class=\"link\" href=\"https:\/\/teknikonmedikal.com\/ar\/project-details\/diyarbakir-batigoz-hospital\/\" title=\"\u0645\u0633\u062a\u0634\u0641\u0649 &#8221; \u0628\u0627\u0637\u064a\u063a\u0648\u0632&#8221; \u0641\u064a \u062f\u064a\u0627\u0631\u0628\u0643\u0631\" target=\"_self\"><\/a><\/li><\/ul><\/div>\n\t\t\t\t<\/figure>\n\n\t\t\t\t<section class=\"text\">\n\t\t\t\t\t<h5><a href=\"https:\/\/teknikonmedikal.com\/ar\/project-details\/diyarbakir-batigoz-hospital\/\" target=\"_self\" rel=\"bookmark\">\u0645\u0633\u062a\u0634\u0641\u0649 &#8221; \u0628\u0627\u0637\u064a\u063a\u0648\u0632&#8221; \u0641\u064a \u062f\u064a\u0627\u0631\u0628\u0643\u0631<\/a><\/h5>\n\t\t\t\t\t\n\t\t\t\t<\/section> \n\n\t\t\t\n<\/div> \n<!-- \/ portfolio box-->\n<\/div>\n<div class=\"col col-sm-3   medical-gas-installation-ar completed-projects-ar\">\n \n\n<!-- portfolio box-->\n<div class=\"loop style-1 image post-5366 portfolio type-portfolio status-publish has-post-thumbnail hentry portfolio_categories-medical-gas-installation-ar portfolio_categories-completed-projects-ar\" id=\"portfolio-5366\">\n\n\t\n\n\t\t\t\t<figure class=\"featured_image\">\n\t\t\t\t\t<img decoding=\"async\" src=\"https:\/\/teknikonmedikal.com\/wp-content\/uploads\/2020\/12\/1-Elazig-Sehir-Hastanesi-400x267.jpg\" alt=\"\" class=\"\" \/>\n\t\t\t\t\t<div class=\"overlay\"><ul class=\"action_buttons\"><li><a class=\"link\" href=\"https:\/\/teknikonmedikal.com\/ar\/project-details\/elazig-city-hospital\/\" title=\"\u0645\u0633\u062a\u0634\u0641\u0649 \u0627\u0644\u0645\u062f\u064a\u0646\u0629 \u0641\u064a \u0623\u0644\u0627\u0632\u063a\" target=\"_self\"><\/a><\/li><\/ul><\/div>\n\t\t\t\t<\/figure>\n\n\t\t\t\t<section class=\"text\">\n\t\t\t\t\t<h5><a href=\"https:\/\/teknikonmedikal.com\/ar\/project-details\/elazig-city-hospital\/\" target=\"_self\" rel=\"bookmark\">\u0645\u0633\u062a\u0634\u0641\u0649 \u0627\u0644\u0645\u062f\u064a\u0646\u0629 \u0641\u064a \u0623\u0644\u0627\u0632\u063a<\/a><\/h5>\n\t\t\t\t\t\n\t\t\t\t<\/section> \n\n\t\t\t\n<\/div> \n<!-- \/ portfolio box-->\n<\/div>\n<div class=\"col col-sm-3   medical-gas-installation-ar completed-projects-ar\">\n \n\n<!-- portfolio box-->\n<div class=\"loop style-1 image post-5372 portfolio type-portfolio status-publish has-post-thumbnail hentry portfolio_categories-medical-gas-installation-ar portfolio_categories-completed-projects-ar\" id=\"portfolio-5372\">\n\n\t\n\n\t\t\t\t<figure class=\"featured_image\">\n\t\t\t\t\t<img decoding=\"async\" src=\"https:\/\/teknikonmedikal.com\/wp-content\/uploads\/2020\/12\/1-Adana-Sehir-Hastanesi-400x267.jpg\" alt=\"\" class=\"\" \/>\n\t\t\t\t\t<div class=\"overlay\"><ul class=\"action_buttons\"><li><a class=\"link\" href=\"https:\/\/teknikonmedikal.com\/ar\/project-details\/adana-city-hospital\/\" title=\"\u0645\u0633\u062a\u0634\u0641\u0649 \u0627\u0644\u0645\u062f\u064a\u0646\u0629 \u0641\u064a \u0622\u062f\u0646\u0629\" target=\"_self\"><\/a><\/li><\/ul><\/div>\n\t\t\t\t<\/figure>\n\n\t\t\t\t<section class=\"text\">\n\t\t\t\t\t<h5><a href=\"https:\/\/teknikonmedikal.com\/ar\/project-details\/adana-city-hospital\/\" target=\"_self\" rel=\"bookmark\">\u0645\u0633\u062a\u0634\u0641\u0649 \u0627\u0644\u0645\u062f\u064a\u0646\u0629 \u0641\u064a \u0622\u062f\u0646\u0629<\/a><\/h5>\n\t\t\t\t\t\n\t\t\t\t<\/section> \n\n\t\t\t\n<\/div> \n<!-- \/ portfolio box-->\n<\/div>\n<div class=\"col col-sm-3   disinfected-vacuum-system-ar completed-projects-ar\">\n \n\n<!-- portfolio box-->\n<div class=\"loop style-1 image post-5378 portfolio type-portfolio status-publish has-post-thumbnail hentry portfolio_categories-disinfected-vacuum-system-ar portfolio_categories-completed-projects-ar\" id=\"portfolio-5378\">\n\n\t\n\n\t\t\t\t<figure class=\"featured_image\">\n\t\t\t\t\t<img decoding=\"async\" src=\"https:\/\/teknikonmedikal.com\/wp-content\/uploads\/2020\/12\/1-Ondokuzmayis-Uni.-Dis-Hekimligi-Fakultesi-2-400x267.jpg\" alt=\"\" class=\"\" \/>\n\t\t\t\t\t<div class=\"overlay\"><ul class=\"action_buttons\"><li><a class=\"link\" href=\"https:\/\/teknikonmedikal.com\/ar\/project-details\/samsun-omu-faculty-of-dentistry\/\" title=\"\u0643\u0644\u064a\u0629 \u0637\u0628 \u0627\u0644\u0623\u0633\u0646\u0627\u0646 \u0628\u062c\u0627\u0645\u0639\u0629 19 \u0645\u0627\u064a\u0648 \u0641\u064a \u0645\u062f\u064a\u0646\u0629 \u0633\u0627\u0645\u0633\u0648\u0646\" target=\"_self\"><\/a><\/li><\/ul><\/div>\n\t\t\t\t<\/figure>\n\n\t\t\t\t<section class=\"text\">\n\t\t\t\t\t<h5><a href=\"https:\/\/teknikonmedikal.com\/ar\/project-details\/samsun-omu-faculty-of-dentistry\/\" target=\"_self\" rel=\"bookmark\">\u0643\u0644\u064a\u0629 \u0637\u0628 \u0627\u0644\u0623\u0633\u0646\u0627\u0646 \u0628\u062c\u0627\u0645\u0639\u0629 19 \u0645\u0627\u064a\u0648 \u0641\u064a \u0645\u062f\u064a\u0646\u0629 \u0633\u0627\u0645\u0633\u0648\u0646<\/a><\/h5>\n\t\t\t\t\t\n\t\t\t\t<\/section> \n\n\t\t\t\n<\/div> \n<!-- \/ portfolio box-->\n<\/div>\n<\/div>\n<\/div>\n<div class=\"paging_wrapper margin-t30 margin-b30\"><ul class='page-numbers'>\n\t<li><span aria-current=\"page\" class=\"page-numbers current\">1<\/span><\/li>\n\t<li><a class=\"page-numbers\" href=\"https:\/\/teknikonmedikal.com\/ar\/wp-json\/wp\/v2\/pages\/5416\/page\/2\/\">2<\/a><\/li>\n\t<li><a class=\"next page-numbers\" href=\"https:\/\/teknikonmedikal.com\/ar\/wp-json\/wp\/v2\/pages\/5416\/page\/2\/\"><span class=\"icon-angle-right\"><\/span><\/a><\/li>\n<\/ul>\n<\/div>[\/vc_column][\/vc_row]<\/p>\n","protected":false},"excerpt":{"rendered":"<p>[vc_row rt_row_background_width=&#8221;default&#8221; rt_row_style=&#8221;default-style&#8221; rt_row_borders=&#8221;&#8221; rt_row_paddings=&#8221;true&#8221; rt_bg_effect=&#8221;classic&#8221; rt_bg_image_repeat=&#8221;repeat&#8221; rt_bg_size=&#8221;cover&#8221; rt_bg_position=&#8221;right top&#8221; rt_bg_attachment=&#8221;scroll&#8221; rt_bg_video_format=&#8221;self-hosted&#8221;][vc_column rt_wrp_col_paddings=&#8221;false&#8221; rt_border_top=&#8221;&#8221; rt_border_bottom=&#8221;&#8221; rt_border_left=&#8221;&#8221; rt_border_right=&#8221;&#8221; rt_border_top_mobile=&#8221;&#8221; rt_border_bottom_mobile=&#8221;&#8221; rt_border_left_mobile=&#8221;&#8221; rt_border_right_mobile=&#8221;&#8221; rt_bg_image_repeat=&#8221;repeat&#8221; rt_bg_size=&#8221;auto auto&#8221; rt_bg_position=&#8221;right top&#8221; rt_bg_attachment=&#8221;scroll&#8221;][\/vc_column][\/vc_row]<\/p>\n","protected":false},"author":1,"featured_media":0,"parent":0,"menu_order":0,"comment_status":"closed","ping_status":"closed","template":"","meta":{"footnotes":""},"class_list":["post-5416","page","type-page","status-publish","hentry"],"_links":{"self":[{"href":"https:\/\/teknikonmedikal.com\/ar\/wp-json\/wp\/v2\/pages\/5416","targetHints":{"allow":["GET"]}}],"collection":[{"href":"https:\/\/teknikonmedikal.com\/ar\/wp-json\/wp\/v2\/pages"}],"about":[{"href":"https:\/\/teknikonmedikal.com\/ar\/wp-json\/wp\/v2\/types\/page"}],"author":[{"embeddable":true,"href":"https:\/\/teknikonmedikal.com\/ar\/wp-json\/wp\/v2\/users\/1"}],"replies":[{"embeddable":true,"href":"https:\/\/teknikonmedikal.com\/ar\/wp-json\/wp\/v2\/comments?post=5416"}],"version-history":[{"count":1,"href":"https:\/\/teknikonmedikal.com\/ar\/wp-json\/wp\/v2\/pages\/5416\/revisions"}],"predecessor-version":[{"id":5419,"href":"https:\/\/teknikonmedikal.com\/ar\/wp-json\/wp\/v2\/pages\/5416\/revisions\/5419"}],"wp:attachment":[{"href":"https:\/\/teknikonmedikal.com\/ar\/wp-json\/wp\/v2\/media?parent=5416"}],"curies":[{"name":"wp","href":"https:\/\/api.w.org\/{rel}","templated":true}]}}