{"id":4413,"date":"2020-12-15T08:47:47","date_gmt":"2020-12-15T05:47:47","guid":{"rendered":"http:\/\/teknikonmedikal.com\/references\/"},"modified":"2022-03-13T12:07:56","modified_gmt":"2022-03-13T09:07:56","slug":"references","status":"publish","type":"page","link":"https:\/\/teknikonmedikal.com\/en\/references\/","title":{"rendered":"References"},"content":{"rendered":"<p>[vc_row rt_row_background_width=&#8221;fullwidth&#8221; rt_row_content_width=&#8221;default&#8221; rt_row_style=&#8221;default-style&#8221; rt_row_borders=&#8221;&#8221; rt_row_paddings=&#8221;true&#8221; rt_bg_effect=&#8221;classic&#8221; rt_bg_image_repeat=&#8221;repeat&#8221; rt_bg_size=&#8221;cover&#8221; rt_bg_position=&#8221;right top&#8221; rt_bg_attachment=&#8221;scroll&#8221; rt_bg_video_format=&#8221;self-hosted&#8221;][vc_column width=&#8221;1\/2&#8243; rt_wrp_col_paddings=&#8221;false&#8221; rt_border_top=&#8221;&#8221; rt_border_bottom=&#8221;&#8221; rt_border_left=&#8221;&#8221; rt_border_right=&#8221;&#8221; rt_border_top_mobile=&#8221;&#8221; rt_border_bottom_mobile=&#8221;&#8221; rt_border_left_mobile=&#8221;&#8221; rt_border_right_mobile=&#8221;&#8221; rt_bg_image_repeat=&#8221;repeat&#8221; rt_bg_size=&#8221;auto auto&#8221; rt_bg_position=&#8221;right top&#8221; rt_bg_attachment=&#8221;scroll&#8221;][vc_column_text]You can examine our references for <strong>completed<\/strong> and <strong>ongoing projects<\/strong>in PDF lists based on category.[\/vc_column_text][\/vc_column][vc_column width=&#8221;1\/4&#8243; rt_wrp_col_paddings=&#8221;false&#8221; rt_border_top=&#8221;&#8221; rt_border_bottom=&#8221;&#8221; rt_border_left=&#8221;&#8221; rt_border_right=&#8221;&#8221; rt_border_top_mobile=&#8221;&#8221; rt_border_bottom_mobile=&#8221;&#8221; rt_border_left_mobile=&#8221;&#8221; rt_border_right_mobile=&#8221;&#8221; rt_bg_image_repeat=&#8221;repeat&#8221; rt_bg_size=&#8221;auto auto&#8221; rt_bg_position=&#8221;right top&#8221; rt_bg_attachment=&#8221;scroll&#8221;][vc_btn title=&#8221;Completed Projects&#8221; color=&#8221;chino&#8221; align=&#8221;center&#8221; i_icon_fontawesome=&#8221;fas fa-caret-down&#8221; add_icon=&#8221;true&#8221; link=&#8221;url:%23completed&#8221;][\/vc_column][vc_column width=&#8221;1\/4&#8243; rt_wrp_col_paddings=&#8221;false&#8221; rt_border_top=&#8221;&#8221; rt_border_bottom=&#8221;&#8221; rt_border_left=&#8221;&#8221; rt_border_right=&#8221;&#8221; rt_border_top_mobile=&#8221;&#8221; rt_border_bottom_mobile=&#8221;&#8221; rt_border_left_mobile=&#8221;&#8221; rt_border_right_mobile=&#8221;&#8221; rt_bg_image_repeat=&#8221;repeat&#8221; rt_bg_size=&#8221;auto auto&#8221; rt_bg_position=&#8221;right top&#8221; rt_bg_attachment=&#8221;scroll&#8221;][vc_btn title=&#8221;Ongoing Projects&#8221; color=&#8221;chino&#8221; align=&#8221;center&#8221; i_icon_fontawesome=&#8221;fas fa-external-link-alt&#8221; add_icon=&#8221;true&#8221; link=&#8221;url:%23devamedeneng&#8221;][\/vc_column][\/vc_row][vc_row rt_row_background_width=&#8221;fullwidth&#8221; rt_row_content_width=&#8221;default&#8221; rt_row_style=&#8221;default-style&#8221; rt_row_borders=&#8221;&#8221; rt_row_paddings=&#8221;true&#8221; id=&#8221;completed&#8221; rt_bg_effect=&#8221;classic&#8221; rt_bg_image_repeat=&#8221;repeat&#8221; rt_bg_size=&#8221;cover&#8221; rt_bg_position=&#8221;right top&#8221; rt_bg_attachment=&#8221;scroll&#8221; rt_bg_video_format=&#8221;self-hosted&#8221;][vc_column rt_wrp_col_paddings=&#8221;false&#8221; rt_border_top=&#8221;&#8221; rt_border_bottom=&#8221;&#8221; rt_border_left=&#8221;&#8221; rt_border_right=&#8221;&#8221; rt_border_top_mobile=&#8221;&#8221; rt_border_bottom_mobile=&#8221;&#8221; rt_border_left_mobile=&#8221;&#8221; rt_border_right_mobile=&#8221;&#8221; rt_bg_image_repeat=&#8221;repeat&#8221; rt_bg_size=&#8221;auto auto&#8221; rt_bg_position=&#8221;right top&#8221; rt_bg_attachment=&#8221;scroll&#8221;]<div class=\"rt_heading_wrapper style-1\">\n\t\t\t\t\t\t<h2 class=\"rt_heading  style-1\" >Completed Projects<\/h2>\n\t\t\t\t\t<\/div>[vc_row_inner rt_row_style=&#8221;global-style&#8221; rt_column_placement=&#8221;bottom&#8221; rt_row_borders=&#8221;&#8221; rt_row_paddings=&#8221;true&#8221; rt_bg_effect=&#8221;classic&#8221; rt_bg_image_repeat=&#8221;repeat&#8221; rt_bg_size=&#8221;cover&#8221; rt_bg_position=&#8221;right top&#8221; rt_bg_attachment=&#8221;scroll&#8221; rt_bg_video_format=&#8221;self-hosted&#8221;][vc_column_inner width=&#8221;1\/3&#8243; rt_wrp_col_paddings=&#8221;false&#8221; rt_border_top=&#8221;&#8221; rt_border_bottom=&#8221;&#8221; rt_border_left=&#8221;&#8221; rt_border_right=&#8221;&#8221; rt_border_top_mobile=&#8221;&#8221; rt_border_bottom_mobile=&#8221;&#8221; rt_border_left_mobile=&#8221;&#8221; rt_border_right_mobile=&#8221;&#8221; rt_bg_image_repeat=&#8221;repeat&#8221; rt_bg_size=&#8221;auto auto&#8221; rt_bg_position=&#8221;right top&#8221; rt_bg_attachment=&#8221;scroll&#8221;]<a href=\"#medgazeng\" title=\"T\u0131klay\u0131n\u0131z\" target=\"_self\">\n\t\t\t\t<article id=\"medgaztr\" class=\"image-content-box content-box box-style-3 center\" style=\"height:300px;background:url(https:\/\/teknikonmedikal.com\/wp-content\/uploads\/2020\/12\/medikal-gaz-tesisati-2.jpg) no-repeat scroll center center \/ cover;\"> \t\t\t\t\n\t\t\t\t\t<div class=\"text-holder\" style=\"color:#ffffff;background-color:rgba(242,101,34,0.79);\">\n\t\t\t\t\t\t<h2 class=\"heading\"style=\"color:#ffffff;\">Medical Gas Installation<\/h2> \n\t\t\t\t\t<\/div>\n\t\t\t\t<\/article>\n\t\t<\/a>[\/vc_column_inner][vc_column_inner width=&#8221;1\/3&#8243; rt_wrp_col_paddings=&#8221;false&#8221; rt_border_top=&#8221;&#8221; rt_border_bottom=&#8221;&#8221; rt_border_left=&#8221;&#8221; rt_border_right=&#8221;&#8221; rt_border_top_mobile=&#8221;&#8221; rt_border_bottom_mobile=&#8221;&#8221; rt_border_left_mobile=&#8221;&#8221; rt_border_right_mobile=&#8221;&#8221; rt_bg_image_repeat=&#8221;repeat&#8221; rt_bg_size=&#8221;auto auto&#8221; rt_bg_position=&#8221;right top&#8221; rt_bg_attachment=&#8221;scroll&#8221;]<a href=\"#pnotupeng\" title=\"T\u0131klay\u0131n\u0131z\" target=\"_self\">\n\t\t\t\t<article id=\"pnotuptr\" class=\"image-content-box content-box box-style-3 center\" style=\"height:300px;background:url(https:\/\/teknikonmedikal.com\/wp-content\/uploads\/2020\/12\/Pnomatik-Tup-Tasima-1.jpg) no-repeat scroll center center \/ cover;\"> \t\t\t\t\n\t\t\t\t\t<div class=\"text-holder\" style=\"color:#ffffff;background-color:rgba(242,101,34,0.79);\">\n\t\t\t\t\t\t<h2 class=\"heading\"style=\"color:#ffffff;\">Pneumatic Tube Carrying System<\/h2> \n\t\t\t\t\t<\/div>\n\t\t\t\t<\/article>\n\t\t<\/a>[\/vc_column_inner][vc_column_inner width=&#8221;1\/3&#8243; rt_wrp_col_paddings=&#8221;false&#8221; rt_border_top=&#8221;&#8221; rt_border_bottom=&#8221;&#8221; rt_border_left=&#8221;&#8221; rt_border_right=&#8221;&#8221; rt_border_top_mobile=&#8221;&#8221; rt_border_bottom_mobile=&#8221;&#8221; rt_border_left_mobile=&#8221;&#8221; rt_border_right_mobile=&#8221;&#8221; rt_bg_image_repeat=&#8221;repeat&#8221; rt_bg_size=&#8221;auto auto&#8221; rt_bg_position=&#8221;right top&#8221; rt_bg_attachment=&#8221;scroll&#8221;]<a href=\"#labendeng\" title=\"T\u0131klay\u0131n\u0131z\" target=\"_self\">\n\t\t\t\t<article id=\"labendtr\" class=\"image-content-box content-box box-style-3 center\" style=\"height:300px;background:url(https:\/\/teknikonmedikal.com\/wp-content\/uploads\/2020\/12\/lab-end-gaz-2.jpg) no-repeat scroll center center \/ cover;\"> \t\t\t\t\n\t\t\t\t\t<div class=\"text-holder\" style=\"color:#ffffff;background-color:rgba(242,101,34,0.79);\">\n\t\t\t\t\t\t<h2 class=\"heading\"style=\"color:#ffffff;\">Laboratory Industrial Gas Installation<\/h2> \n\t\t\t\t\t<\/div>\n\t\t\t\t<\/article>\n\t\t<\/a>[\/vc_column_inner][\/vc_row_inner][vc_row_inner rt_row_style=&#8221;global-style&#8221; rt_column_placement=&#8221;bottom&#8221; rt_row_borders=&#8221;&#8221; rt_row_paddings=&#8221;true&#8221; rt_bg_effect=&#8221;classic&#8221; rt_bg_image_repeat=&#8221;repeat&#8221; rt_bg_size=&#8221;cover&#8221; rt_bg_position=&#8221;right top&#8221; rt_bg_attachment=&#8221;scroll&#8221; rt_bg_video_format=&#8221;self-hosted&#8221;][vc_column_inner width=&#8221;1\/3&#8243; rt_wrp_col_paddings=&#8221;false&#8221; rt_border_top=&#8221;&#8221; rt_border_bottom=&#8221;&#8221; rt_border_left=&#8221;&#8221; rt_border_right=&#8221;&#8221; rt_border_top_mobile=&#8221;&#8221; rt_border_bottom_mobile=&#8221;&#8221; rt_border_left_mobile=&#8221;&#8221; rt_border_right_mobile=&#8221;&#8221; rt_bg_image_repeat=&#8221;repeat&#8221; rt_bg_size=&#8221;auto auto&#8221; rt_bg_position=&#8221;right top&#8221; rt_bg_attachment=&#8221;scroll&#8221;]<a href=\"#likitokeng\" title=\"T\u0131klay\u0131n\u0131z\" target=\"_self\">\n\t\t\t\t<article id=\"likitoktr\" class=\"image-content-box content-box box-style-3 center\" style=\"height:300px;background:url(https:\/\/teknikonmedikal.com\/wp-content\/uploads\/2020\/12\/Likit-Oksijen-Tanki.jpg) no-repeat scroll center center \/ cover;\"> \t\t\t\t\n\t\t\t\t\t<div class=\"text-holder\" style=\"color:#ffffff;background-color:rgba(242,101,34,0.79);\">\n\t\t\t\t\t\t<h2 class=\"heading\"style=\"color:#ffffff;\">Liquid Oxygen Tank<\/h2> \n\t\t\t\t\t<\/div>\n\t\t\t\t<\/article>\n\t\t<\/a>[\/vc_column_inner][vc_column_inner width=&#8221;1\/3&#8243; rt_wrp_col_paddings=&#8221;false&#8221; rt_border_top=&#8221;&#8221; rt_border_bottom=&#8221;&#8221; rt_border_left=&#8221;&#8221; rt_border_right=&#8221;&#8221; rt_border_top_mobile=&#8221;&#8221; rt_border_bottom_mobile=&#8221;&#8221; rt_border_left_mobile=&#8221;&#8221; rt_border_right_mobile=&#8221;&#8221; rt_bg_image_repeat=&#8221;repeat&#8221; rt_bg_size=&#8221;auto auto&#8221; rt_bg_position=&#8221;right top&#8221; rt_bg_attachment=&#8221;scroll&#8221;]<a href=\"#dezvakeng\" title=\"T\u0131klay\u0131n\u0131z\" target=\"_self\">\n\t\t\t\t<article id=\"dezvaktr\" class=\"image-content-box content-box box-style-3 center\" style=\"height:300px;background:url(https:\/\/teknikonmedikal.com\/wp-content\/uploads\/2020\/12\/Dezenfeksiyonlu-Vakum-Sistemleri.jpg) no-repeat scroll center center \/ cover;\"> \t\t\t\t\n\t\t\t\t\t<div class=\"text-holder\" style=\"color:#ffffff;background-color:rgba(242,101,34,0.79);\">\n\t\t\t\t\t\t<h2 class=\"heading\"style=\"color:#ffffff;\">Disinfected Vacuum System<\/h2> \n\t\t\t\t\t<\/div>\n\t\t\t\t<\/article>\n\t\t<\/a>[\/vc_column_inner][vc_column_inner width=&#8221;1\/3&#8243; rt_wrp_col_paddings=&#8221;false&#8221; rt_border_top=&#8221;&#8221; rt_border_bottom=&#8221;&#8221; rt_border_left=&#8221;&#8221; rt_border_right=&#8221;&#8221; rt_border_top_mobile=&#8221;&#8221; rt_border_bottom_mobile=&#8221;&#8221; rt_border_left_mobile=&#8221;&#8221; rt_border_right_mobile=&#8221;&#8221; rt_bg_image_repeat=&#8221;repeat&#8221; rt_bg_size=&#8221;auto auto&#8221; rt_bg_position=&#8221;right top&#8221; rt_bg_attachment=&#8221;scroll&#8221;]<a href=\"#kurkapeng\" title=\"T\u0131klay\u0131n\u0131z\" target=\"_self\">\n\t\t\t\t<article id=\"kurkaptr\" class=\"image-content-box content-box box-style-3 center\" style=\"height:300px;background:url(https:\/\/teknikonmedikal.com\/wp-content\/uploads\/2020\/12\/Kursun-Kaplama-1.jpg) no-repeat scroll center center \/ cover;\"> \t\t\t\t\n\t\t\t\t\t<div class=\"text-holder\" style=\"color:#ffffff;background-color:rgba(242,101,34,0.79);\">\n\t\t\t\t\t\t<h2 class=\"heading\"style=\"color:#ffffff;\">Lead Plating<\/h2> \n\t\t\t\t\t<\/div>\n\t\t\t\t<\/article>\n\t\t<\/a>[\/vc_column_inner][\/vc_row_inner][vc_row_inner rt_row_style=&#8221;global-style&#8221; rt_column_placement=&#8221;bottom&#8221; rt_row_borders=&#8221;&#8221; rt_row_paddings=&#8221;true&#8221; rt_bg_effect=&#8221;classic&#8221; rt_bg_image_repeat=&#8221;repeat&#8221; rt_bg_size=&#8221;cover&#8221; rt_bg_position=&#8221;right top&#8221; rt_bg_attachment=&#8221;scroll&#8221; rt_bg_video_format=&#8221;self-hosted&#8221;][vc_column_inner width=&#8221;1\/3&#8243; rt_wrp_col_paddings=&#8221;false&#8221; rt_border_top=&#8221;&#8221; rt_border_bottom=&#8221;&#8221; rt_border_left=&#8221;&#8221; rt_border_right=&#8221;&#8221; rt_border_top_mobile=&#8221;&#8221; rt_border_bottom_mobile=&#8221;&#8221; rt_border_left_mobile=&#8221;&#8221; rt_border_right_mobile=&#8221;&#8221; rt_bg_image_repeat=&#8221;repeat&#8221; rt_bg_size=&#8221;auto auto&#8221; rt_bg_position=&#8221;right top&#8221; rt_bg_attachment=&#8221;scroll&#8221;]<a href=\"#bakoneng\" title=\"T\u0131klay\u0131n\u0131z\" target=\"_blank\">\n\t\t\t\t<article id=\"bakontr\" class=\"image-content-box content-box box-style-3 center\" style=\"height:300px;background:url(https:\/\/teknikonmedikal.com\/wp-content\/uploads\/2020\/12\/Bakim-Onarim.jpg) no-repeat scroll center center \/ cover;\"> \t\t\t\t\n\t\t\t\t\t<div class=\"text-holder\" style=\"color:#ffffff;background-color:rgba(242,101,34,0.79);\">\n\t\t\t\t\t\t<h2 class=\"heading\"style=\"color:#ffffff;\">Maintenance and Repair<\/h2> \n\t\t\t\t\t<\/div>\n\t\t\t\t<\/article>\n\t\t<\/a>[\/vc_column_inner][vc_column_inner width=&#8221;1\/3&#8243; rt_wrp_col_paddings=&#8221;false&#8221; rt_border_top=&#8221;&#8221; rt_border_bottom=&#8221;&#8221; rt_border_left=&#8221;&#8221; rt_border_right=&#8221;&#8221; rt_border_top_mobile=&#8221;&#8221; rt_border_bottom_mobile=&#8221;&#8221; rt_border_left_mobile=&#8221;&#8221; rt_border_right_mobile=&#8221;&#8221; rt_bg_image_repeat=&#8221;repeat&#8221; rt_bg_size=&#8221;auto auto&#8221; rt_bg_position=&#8221;right top&#8221; rt_bg_attachment=&#8221;scroll&#8221;][\/vc_column_inner][vc_column_inner width=&#8221;1\/3&#8243; rt_wrp_col_paddings=&#8221;false&#8221; rt_border_top=&#8221;&#8221; rt_border_bottom=&#8221;&#8221; rt_border_left=&#8221;&#8221; rt_border_right=&#8221;&#8221; rt_border_top_mobile=&#8221;&#8221; rt_border_bottom_mobile=&#8221;&#8221; rt_border_left_mobile=&#8221;&#8221; rt_border_right_mobile=&#8221;&#8221; rt_bg_image_repeat=&#8221;repeat&#8221; rt_bg_size=&#8221;auto auto&#8221; rt_bg_position=&#8221;right top&#8221; rt_bg_attachment=&#8221;scroll&#8221;][\/vc_column_inner][\/vc_row_inner][\/vc_column][\/vc_row]<\/p>\n","protected":false},"excerpt":{"rendered":"<p>[vc_row rt_row_background_width=&#8221;fullwidth&#8221; rt_row_content_width=&#8221;default&#8221; rt_row_style=&#8221;default-style&#8221; rt_row_borders=&#8221;&#8221; rt_row_paddings=&#8221;true&#8221; rt_bg_effect=&#8221;classic&#8221; rt_bg_image_repeat=&#8221;repeat&#8221; rt_bg_size=&#8221;cover&#8221; rt_bg_position=&#8221;right top&#8221; rt_bg_attachment=&#8221;scroll&#8221; rt_bg_video_format=&#8221;self-hosted&#8221;][vc_column width=&#8221;1\/2&#8243; rt_wrp_col_paddings=&#8221;false&#8221; rt_border_top=&#8221;&#8221; rt_border_bottom=&#8221;&#8221; rt_border_left=&#8221;&#8221; rt_border_right=&#8221;&#8221; rt_border_top_mobile=&#8221;&#8221; rt_border_bottom_mobile=&#8221;&#8221; rt_border_left_mobile=&#8221;&#8221; rt_border_right_mobile=&#8221;&#8221; rt_bg_image_repeat=&#8221;repeat&#8221; rt_bg_size=&#8221;auto auto&#8221; rt_bg_position=&#8221;right top&#8221; rt_bg_attachment=&#8221;scroll&#8221;][vc_column_text]You can examine our references for completed and ongoing projectsin PDF lists based on category.[\/vc_column_text][\/vc_column][vc_column width=&#8221;1\/4&#8243; rt_wrp_col_paddings=&#8221;false&#8221; rt_border_top=&#8221;&#8221; rt_border_bottom=&#8221;&#8221; rt_border_left=&#8221;&#8221; rt_border_right=&#8221;&#8221; rt_border_top_mobile=&#8221;&#8221; rt_border_bottom_mobile=&#8221;&#8221; rt_border_left_mobile=&#8221;&#8221; rt_border_right_mobile=&#8221;&#8221; rt_bg_image_repeat=&#8221;repeat&#8221; rt_bg_size=&#8221;auto [&hellip;]<\/p>\n","protected":false},"author":1,"featured_media":0,"parent":0,"menu_order":0,"comment_status":"closed","ping_status":"closed","template":"","meta":{"footnotes":""},"class_list":["post-4413","page","type-page","status-publish","hentry"],"_links":{"self":[{"href":"https:\/\/teknikonmedikal.com\/en\/wp-json\/wp\/v2\/pages\/4413","targetHints":{"allow":["GET"]}}],"collection":[{"href":"https:\/\/teknikonmedikal.com\/en\/wp-json\/wp\/v2\/pages"}],"about":[{"href":"https:\/\/teknikonmedikal.com\/en\/wp-json\/wp\/v2\/types\/page"}],"author":[{"embeddable":true,"href":"https:\/\/teknikonmedikal.com\/en\/wp-json\/wp\/v2\/users\/1"}],"replies":[{"embeddable":true,"href":"https:\/\/teknikonmedikal.com\/en\/wp-json\/wp\/v2\/comments?post=4413"}],"version-history":[{"count":5,"href":"https:\/\/teknikonmedikal.com\/en\/wp-json\/wp\/v2\/pages\/4413\/revisions"}],"predecessor-version":[{"id":4428,"href":"https:\/\/teknikonmedikal.com\/en\/wp-json\/wp\/v2\/pages\/4413\/revisions\/4428"}],"wp:attachment":[{"href":"https:\/\/teknikonmedikal.com\/en\/wp-json\/wp\/v2\/media?parent=4413"}],"curies":[{"name":"wp","href":"https:\/\/api.w.org\/{rel}","templated":true}]}}