{"id":4447,"date":"2020-12-11T12:25:36","date_gmt":"2020-12-11T09:25:36","guid":{"rendered":"http:\/\/teknikonmedikal.com\/projeler\/"},"modified":"2022-03-13T12:25:51","modified_gmt":"2022-03-13T09:25:51","slug":"projects","status":"publish","type":"page","link":"https:\/\/teknikonmedikal.com\/en\/projects\/","title":{"rendered":"Projects"},"content":{"rendered":"<p>[vc_row rt_row_background_width=&#8221;default&#8221; rt_row_style=&#8221;default-style&#8221; rt_row_borders=&#8221;&#8221; rt_row_paddings=&#8221;true&#8221; rt_bg_effect=&#8221;classic&#8221; rt_bg_image_repeat=&#8221;repeat&#8221; rt_bg_size=&#8221;cover&#8221; rt_bg_position=&#8221;right top&#8221; rt_bg_attachment=&#8221;scroll&#8221; rt_bg_video_format=&#8221;self-hosted&#8221;][vc_column rt_wrp_col_paddings=&#8221;false&#8221; rt_border_top=&#8221;&#8221; rt_border_bottom=&#8221;&#8221; rt_border_left=&#8221;&#8221; rt_border_right=&#8221;&#8221; rt_border_top_mobile=&#8221;&#8221; rt_border_bottom_mobile=&#8221;&#8221; rt_border_left_mobile=&#8221;&#8221; rt_border_right_mobile=&#8221;&#8221; rt_bg_image_repeat=&#8221;repeat&#8221; rt_bg_size=&#8221;auto auto&#8221; rt_bg_position=&#8221;right top&#8221; rt_bg_attachment=&#8221;scroll&#8221;]\n\t\t\t\t\t\t<div class=\"filter-holder\" data-list-id=\"portfolio-dynamicID-369777\">\n\t\t\t\t\t\t<ul class=\"filter_navigation\"><li><a href=\"#\" data-filter=\"*\" class=\"active animate\" title=\"Show All\"><span class=\"icon-filter\"><\/span><\/a><\/li> <li><a href=\"#\" data-filter=\".dezenfeksiyonlu-vakum-sistemi\">Dezenfeksiyonlu Vakum Sistemi<\/a><\/li><li><a href=\"#\" data-filter=\".laboratuvar-endustriyel-gaz-tesisati\">Laboratuvar End\u00fcstriyel Gaz Tesisat\u0131<\/a><\/li><li><a href=\"#\" data-filter=\".medikal-gaz-tesisati\">Medikal Gaz Tesisat\u0131<\/a><\/li><li><a href=\"#\" data-filter=\".pnomatik-tup-tasima-sistemi\">Pn\u00f6matik T\u00fcp Ta\u015f\u0131ma Sistemi<\/a><\/li><li><a href=\"#\" data-filter=\".tamamlanan-projeler\">Tamamlanan Projeler<\/a><\/li><\/ul>\n\t\t\t\t\t\t<\/div>\n<div id=\"portfolio-dynamicID-369777\" class=\"portfolio_list clearfix  border_grid fixed_heights filterable\" data-column-width=\"4\">\n<div class=\"row clearfix\">\n<div class=\"col col-sm-3   completed-projects medical-gas-installation\">\n \n\n<!-- portfolio box-->\n<div class=\"loop style-1 image post-4491 portfolio type-portfolio status-publish has-post-thumbnail hentry portfolio_categories-completed-projects portfolio_categories-medical-gas-installation\" id=\"portfolio-4491\">\n\n\t\n\n\t\t\t\t<figure class=\"featured_image\">\n\t\t\t\t\t<img decoding=\"async\" src=\"https:\/\/teknikonmedikal.com\/wp-content\/uploads\/2020\/12\/1-Prof.-Dr.-Feriha-Oz-Acil-Durum-Hastanesi-400x267.jpg\" alt=\"\" class=\"\" \/>\n\t\t\t\t\t<div class=\"overlay\"><ul class=\"action_buttons\"><li><a class=\"link\" href=\"https:\/\/teknikonmedikal.com\/en\/project-details\/sancaktepe-field-hospital\/\" title=\"Sancaktepe Field Hospital\" target=\"_self\"><\/a><\/li><\/ul><\/div>\n\t\t\t\t<\/figure>\n\n\t\t\t\t<section class=\"text\">\n\t\t\t\t\t<h5><a href=\"https:\/\/teknikonmedikal.com\/en\/project-details\/sancaktepe-field-hospital\/\" target=\"_self\" rel=\"bookmark\">Sancaktepe Field Hospital<\/a><\/h5>\n\t\t\t\t\t\n\t\t\t\t<\/section> \n\n\t\t\t\n<\/div> \n<!-- \/ portfolio box-->\n<\/div>\n<div class=\"col col-sm-3   completed-projects medical-gas-installation\">\n \n\n<!-- portfolio box-->\n<div class=\"loop style-1 image post-4494 portfolio type-portfolio status-publish has-post-thumbnail hentry portfolio_categories-completed-projects portfolio_categories-medical-gas-installation\" id=\"portfolio-4494\">\n\n\t\n\n\t\t\t\t<figure class=\"featured_image\">\n\t\t\t\t\t<img decoding=\"async\" src=\"https:\/\/teknikonmedikal.com\/wp-content\/uploads\/2020\/12\/1-Prof-Dr-Murat-Dilmener-Acil-Durum-Hastanesi-400x267.jpg\" alt=\"\" class=\"\" \/>\n\t\t\t\t\t<div class=\"overlay\"><ul class=\"action_buttons\"><li><a class=\"link\" href=\"https:\/\/teknikonmedikal.com\/en\/project-details\/yesilkoy-field-hospital\/\" title=\"Ye\u015filk\u00f6y Field Hospital\" target=\"_self\"><\/a><\/li><\/ul><\/div>\n\t\t\t\t<\/figure>\n\n\t\t\t\t<section class=\"text\">\n\t\t\t\t\t<h5><a href=\"https:\/\/teknikonmedikal.com\/en\/project-details\/yesilkoy-field-hospital\/\" target=\"_self\" rel=\"bookmark\">Ye\u015filk\u00f6y Field Hospital<\/a><\/h5>\n\t\t\t\t\t\n\t\t\t\t<\/section> \n\n\t\t\t\n<\/div> \n<!-- \/ portfolio box-->\n<\/div>\n<div class=\"col col-sm-3   completed-projects medical-gas-installation\">\n \n\n<!-- portfolio box-->\n<div class=\"loop style-1 image post-4497 portfolio type-portfolio status-publish has-post-thumbnail hentry portfolio_categories-completed-projects portfolio_categories-medical-gas-installation\" id=\"portfolio-4497\">\n\n\t\n\n\t\t\t\t<figure class=\"featured_image\">\n\t\t\t\t\t<img decoding=\"async\" src=\"https:\/\/teknikonmedikal.com\/wp-content\/uploads\/2020\/12\/1-Basaksehir-Cam-ve-Sakura-Hastanesi-400x267.jpg\" alt=\"\" class=\"\" \/>\n\t\t\t\t\t<div class=\"overlay\"><ul class=\"action_buttons\"><li><a class=\"link\" href=\"https:\/\/teknikonmedikal.com\/en\/project-details\/basaksehir-city-hospital\/\" title=\"Basaksehir City Hospital\" target=\"_self\"><\/a><\/li><\/ul><\/div>\n\t\t\t\t<\/figure>\n\n\t\t\t\t<section class=\"text\">\n\t\t\t\t\t<h5><a href=\"https:\/\/teknikonmedikal.com\/en\/project-details\/basaksehir-city-hospital\/\" target=\"_self\" rel=\"bookmark\">Basaksehir City Hospital<\/a><\/h5>\n\t\t\t\t\t\n\t\t\t\t<\/section> \n\n\t\t\t\n<\/div> \n<!-- \/ portfolio box-->\n<\/div>\n<div class=\"col col-sm-3   completed-projects medical-gas-installation\">\n \n\n<!-- portfolio box-->\n<div class=\"loop style-1 image post-4504 portfolio type-portfolio status-publish has-post-thumbnail hentry portfolio_categories-completed-projects portfolio_categories-medical-gas-installation\" id=\"portfolio-4504\">\n\n\t\n\n\t\t\t\t<figure class=\"featured_image\">\n\t\t\t\t\t<img decoding=\"async\" src=\"https:\/\/teknikonmedikal.com\/wp-content\/uploads\/2020\/12\/Bursa-Sehir-Hastanesi-400x267.jpg\" alt=\"\" class=\"\" \/>\n\t\t\t\t\t<div class=\"overlay\"><ul class=\"action_buttons\"><li><a class=\"link\" href=\"https:\/\/teknikonmedikal.com\/en\/project-details\/bursa-city-hospital\/\" title=\"Bursa City Hospital\" target=\"_self\"><\/a><\/li><\/ul><\/div>\n\t\t\t\t<\/figure>\n\n\t\t\t\t<section class=\"text\">\n\t\t\t\t\t<h5><a href=\"https:\/\/teknikonmedikal.com\/en\/project-details\/bursa-city-hospital\/\" target=\"_self\" rel=\"bookmark\">Bursa City Hospital<\/a><\/h5>\n\t\t\t\t\t\n\t\t\t\t<\/section> \n\n\t\t\t\n<\/div> \n<!-- \/ portfolio box-->\n<\/div>\n<\/div>\n<div class=\"row clearfix\">\n<div class=\"col col-sm-3   completed-projects pneumatic-tube-carrying-system\">\n \n\n<!-- portfolio box-->\n<div class=\"loop style-1 image post-4507 portfolio type-portfolio status-publish has-post-thumbnail hentry portfolio_categories-completed-projects portfolio_categories-pneumatic-tube-carrying-system\" id=\"portfolio-4507\">\n\n\t\n\n\t\t\t\t<figure class=\"featured_image\">\n\t\t\t\t\t<img decoding=\"async\" src=\"https:\/\/teknikonmedikal.com\/wp-content\/uploads\/2020\/12\/1-Diyarbakir-Bati-Goz-Hastanesi-400x267.jpg\" alt=\"\" class=\"\" \/>\n\t\t\t\t\t<div class=\"overlay\"><ul class=\"action_buttons\"><li><a class=\"link\" href=\"https:\/\/teknikonmedikal.com\/en\/project-details\/diyarbakir-batigoz-hospital\/\" title=\"Diyarbak\u0131r Bat\u0131g\u00f6z Hospital\" target=\"_self\"><\/a><\/li><\/ul><\/div>\n\t\t\t\t<\/figure>\n\n\t\t\t\t<section class=\"text\">\n\t\t\t\t\t<h5><a href=\"https:\/\/teknikonmedikal.com\/en\/project-details\/diyarbakir-batigoz-hospital\/\" target=\"_self\" rel=\"bookmark\">Diyarbak\u0131r Bat\u0131g\u00f6z Hospital<\/a><\/h5>\n\t\t\t\t\t\n\t\t\t\t<\/section> \n\n\t\t\t\n<\/div> \n<!-- \/ portfolio box-->\n<\/div>\n<div class=\"col col-sm-3   completed-projects medical-gas-installation\">\n \n\n<!-- portfolio box-->\n<div class=\"loop style-1 image post-4511 portfolio type-portfolio status-publish has-post-thumbnail hentry portfolio_categories-completed-projects portfolio_categories-medical-gas-installation\" id=\"portfolio-4511\">\n\n\t\n\n\t\t\t\t<figure class=\"featured_image\">\n\t\t\t\t\t<img decoding=\"async\" src=\"https:\/\/teknikonmedikal.com\/wp-content\/uploads\/2020\/12\/1-Elazig-Sehir-Hastanesi-400x267.jpg\" alt=\"\" class=\"\" \/>\n\t\t\t\t\t<div class=\"overlay\"><ul class=\"action_buttons\"><li><a class=\"link\" href=\"https:\/\/teknikonmedikal.com\/en\/project-details\/elazig-city-hospital\/\" title=\"Elazig City Hospital\" target=\"_self\"><\/a><\/li><\/ul><\/div>\n\t\t\t\t<\/figure>\n\n\t\t\t\t<section class=\"text\">\n\t\t\t\t\t<h5><a href=\"https:\/\/teknikonmedikal.com\/en\/project-details\/elazig-city-hospital\/\" target=\"_self\" rel=\"bookmark\">Elazig City Hospital<\/a><\/h5>\n\t\t\t\t\t\n\t\t\t\t<\/section> \n\n\t\t\t\n<\/div> \n<!-- \/ portfolio box-->\n<\/div>\n<div class=\"col col-sm-3   completed-projects medical-gas-installation\">\n \n\n<!-- portfolio box-->\n<div class=\"loop style-1 image post-4514 portfolio type-portfolio status-publish has-post-thumbnail hentry portfolio_categories-completed-projects portfolio_categories-medical-gas-installation\" id=\"portfolio-4514\">\n\n\t\n\n\t\t\t\t<figure class=\"featured_image\">\n\t\t\t\t\t<img decoding=\"async\" src=\"https:\/\/teknikonmedikal.com\/wp-content\/uploads\/2020\/12\/1-Adana-Sehir-Hastanesi-400x267.jpg\" alt=\"\" class=\"\" \/>\n\t\t\t\t\t<div class=\"overlay\"><ul class=\"action_buttons\"><li><a class=\"link\" href=\"https:\/\/teknikonmedikal.com\/en\/project-details\/adana-city-hospital\/\" title=\"Adana City Hospital\" target=\"_self\"><\/a><\/li><\/ul><\/div>\n\t\t\t\t<\/figure>\n\n\t\t\t\t<section class=\"text\">\n\t\t\t\t\t<h5><a href=\"https:\/\/teknikonmedikal.com\/en\/project-details\/adana-city-hospital\/\" target=\"_self\" rel=\"bookmark\">Adana City Hospital<\/a><\/h5>\n\t\t\t\t\t\n\t\t\t\t<\/section> \n\n\t\t\t\n<\/div> \n<!-- \/ portfolio box-->\n<\/div>\n<div class=\"col col-sm-3   completed-projects disinfected-vacuum-system\">\n \n\n<!-- portfolio box-->\n<div class=\"loop style-1 image post-4517 portfolio type-portfolio status-publish has-post-thumbnail hentry portfolio_categories-completed-projects portfolio_categories-disinfected-vacuum-system\" id=\"portfolio-4517\">\n\n\t\n\n\t\t\t\t<figure class=\"featured_image\">\n\t\t\t\t\t<img decoding=\"async\" src=\"https:\/\/teknikonmedikal.com\/wp-content\/uploads\/2020\/12\/1-Ondokuzmayis-Uni.-Dis-Hekimligi-Fakultesi-2-400x267.jpg\" alt=\"\" class=\"\" \/>\n\t\t\t\t\t<div class=\"overlay\"><ul class=\"action_buttons\"><li><a class=\"link\" href=\"https:\/\/teknikonmedikal.com\/en\/project-details\/samsun-omu-faculty-of-dentistry\/\" title=\"Samsun OMU, Faculty of Dentistry\" target=\"_self\"><\/a><\/li><\/ul><\/div>\n\t\t\t\t<\/figure>\n\n\t\t\t\t<section class=\"text\">\n\t\t\t\t\t<h5><a href=\"https:\/\/teknikonmedikal.com\/en\/project-details\/samsun-omu-faculty-of-dentistry\/\" target=\"_self\" rel=\"bookmark\">Samsun OMU, Faculty of Dentistry<\/a><\/h5>\n\t\t\t\t\t\n\t\t\t\t<\/section> \n\n\t\t\t\n<\/div> \n<!-- \/ portfolio box-->\n<\/div>\n<\/div>\n<\/div>\n<div class=\"paging_wrapper margin-t30 margin-b30\"><ul class='page-numbers'>\n\t<li><span aria-current=\"page\" class=\"page-numbers current\">1<\/span><\/li>\n\t<li><a class=\"page-numbers\" href=\"https:\/\/teknikonmedikal.com\/en\/wp-json\/wp\/v2\/pages\/4447\/page\/2\/\">2<\/a><\/li>\n\t<li><a class=\"next page-numbers\" href=\"https:\/\/teknikonmedikal.com\/en\/wp-json\/wp\/v2\/pages\/4447\/page\/2\/\"><span class=\"icon-angle-right\"><\/span><\/a><\/li>\n<\/ul>\n<\/div>[\/vc_column][\/vc_row]<\/p>\n","protected":false},"excerpt":{"rendered":"<p>[vc_row rt_row_background_width=&#8221;default&#8221; rt_row_style=&#8221;default-style&#8221; rt_row_borders=&#8221;&#8221; rt_row_paddings=&#8221;true&#8221; rt_bg_effect=&#8221;classic&#8221; rt_bg_image_repeat=&#8221;repeat&#8221; rt_bg_size=&#8221;cover&#8221; rt_bg_position=&#8221;right top&#8221; rt_bg_attachment=&#8221;scroll&#8221; rt_bg_video_format=&#8221;self-hosted&#8221;][vc_column rt_wrp_col_paddings=&#8221;false&#8221; rt_border_top=&#8221;&#8221; rt_border_bottom=&#8221;&#8221; rt_border_left=&#8221;&#8221; rt_border_right=&#8221;&#8221; rt_border_top_mobile=&#8221;&#8221; rt_border_bottom_mobile=&#8221;&#8221; rt_border_left_mobile=&#8221;&#8221; rt_border_right_mobile=&#8221;&#8221; rt_bg_image_repeat=&#8221;repeat&#8221; rt_bg_size=&#8221;auto auto&#8221; rt_bg_position=&#8221;right top&#8221; rt_bg_attachment=&#8221;scroll&#8221;][\/vc_column][\/vc_row]<\/p>\n","protected":false},"author":1,"featured_media":0,"parent":0,"menu_order":0,"comment_status":"closed","ping_status":"closed","template":"","meta":{"footnotes":""},"class_list":["post-4447","page","type-page","status-publish","hentry"],"_links":{"self":[{"href":"https:\/\/teknikonmedikal.com\/en\/wp-json\/wp\/v2\/pages\/4447","targetHints":{"allow":["GET"]}}],"collection":[{"href":"https:\/\/teknikonmedikal.com\/en\/wp-json\/wp\/v2\/pages"}],"about":[{"href":"https:\/\/teknikonmedikal.com\/en\/wp-json\/wp\/v2\/types\/page"}],"author":[{"embeddable":true,"href":"https:\/\/teknikonmedikal.com\/en\/wp-json\/wp\/v2\/users\/1"}],"replies":[{"embeddable":true,"href":"https:\/\/teknikonmedikal.com\/en\/wp-json\/wp\/v2\/comments?post=4447"}],"version-history":[{"count":1,"href":"https:\/\/teknikonmedikal.com\/en\/wp-json\/wp\/v2\/pages\/4447\/revisions"}],"predecessor-version":[{"id":4448,"href":"https:\/\/teknikonmedikal.com\/en\/wp-json\/wp\/v2\/pages\/4447\/revisions\/4448"}],"wp:attachment":[{"href":"https:\/\/teknikonmedikal.com\/en\/wp-json\/wp\/v2\/media?parent=4447"}],"curies":[{"name":"wp","href":"https:\/\/api.w.org\/{rel}","templated":true}]}}