{"id":5193,"date":"2020-12-15T08:47:47","date_gmt":"2020-12-15T05:47:47","guid":{"rendered":"http:\/\/teknikonmedikal.com\/references\/"},"modified":"2022-05-01T23:08:17","modified_gmt":"2022-05-01T20:08:17","slug":"references","status":"publish","type":"page","link":"https:\/\/teknikonmedikal.com\/ru\/references\/","title":{"rendered":"\u0420\u0435\u043a\u043e\u043c\u0435\u043d\u0434\u0430\u0446\u0438\u0438"},"content":{"rendered":"<p>[vc_row rt_row_background_width=&#187;fullwidth&#187; rt_row_content_width=&#187;default&#187; rt_row_style=&#187;default-style&#187; rt_row_borders=&#187;&#187; rt_row_paddings=&#187;true&#187; rt_bg_effect=&#187;classic&#187; rt_bg_image_repeat=&#187;repeat&#187; rt_bg_size=&#187;cover&#187; rt_bg_position=&#187;right top&#187; rt_bg_attachment=&#187;scroll&#187; rt_bg_video_format=&#187;self-hosted&#187;][vc_column width=&#187;1\/2&#8243; rt_wrp_col_paddings=&#187;false&#187; rt_border_top=&#187;&#187; rt_border_bottom=&#187;&#187; rt_border_left=&#187;&#187; rt_border_right=&#187;&#187; rt_border_top_mobile=&#187;&#187; rt_border_bottom_mobile=&#187;&#187; rt_border_left_mobile=&#187;&#187; rt_border_right_mobile=&#187;&#187; rt_bg_image_repeat=&#187;repeat&#187; rt_bg_size=&#187;auto auto&#187; rt_bg_position=&#187;right top&#187; rt_bg_attachment=&#187;scroll&#187;][vc_column_text]<\/p>\n<p class=\"p1\">\u0420\u0435\u043a\u043e\u043c\u0435\u043d\u0434\u0430\u0446\u0438\u0438 \u043f\u043e <b>\u0437\u0430\u0432\u0435\u0440\u0448\u0435\u043d\u043d\u044b\u043c \u0438 \u0434\u0435\u0439\u0441\u0442\u0432\u0443\u044e\u0449\u0438\u043c \u043f\u0440\u043e\u0435\u043a\u0442\u0430\u043c <\/b>\u043f\u043e \u043a\u0430\u0442\u0435\u0433\u043e\u0440\u0438\u044f \u043f\u0440\u0438\u0432\u0435\u0434\u0435\u043d\u044b \u0432 \u0441\u043f\u0438\u0441\u043a\u0430\u0445 \u0432 \u0444\u043e\u0440\u043c\u0430\u0442\u0435 PDF.<\/p>\n<p>[\/vc_column_text][\/vc_column][vc_column width=&#187;1\/4&#8243; rt_wrp_col_paddings=&#187;false&#187; rt_border_top=&#187;&#187; rt_border_bottom=&#187;&#187; rt_border_left=&#187;&#187; rt_border_right=&#187;&#187; rt_border_top_mobile=&#187;&#187; rt_border_bottom_mobile=&#187;&#187; rt_border_left_mobile=&#187;&#187; rt_border_right_mobile=&#187;&#187; rt_bg_image_repeat=&#187;repeat&#187; rt_bg_size=&#187;auto auto&#187; rt_bg_position=&#187;right top&#187; rt_bg_attachment=&#187;scroll&#187;][vc_btn title=&#187;\u0417\u0430\u0432\u0435\u0440\u0448\u0435\u043d\u043d\u044b\u0435 \u041f\u0440\u043e\u0435\u043a\u0442\u044b&#187; color=&#187;chino&#187; align=&#187;center&#187; i_icon_fontawesome=&#187;fas fa-caret-down&#187; add_icon=&#187;true&#187; link=&#187;url:%23completed&#187;][\/vc_column][vc_column width=&#187;1\/4&#8243; rt_wrp_col_paddings=&#187;false&#187; rt_border_top=&#187;&#187; rt_border_bottom=&#187;&#187; rt_border_left=&#187;&#187; rt_border_right=&#187;&#187; rt_border_top_mobile=&#187;&#187; rt_border_bottom_mobile=&#187;&#187; rt_border_left_mobile=&#187;&#187; rt_border_right_mobile=&#187;&#187; rt_bg_image_repeat=&#187;repeat&#187; rt_bg_size=&#187;auto auto&#187; rt_bg_position=&#187;right top&#187; rt_bg_attachment=&#187;scroll&#187;][vc_btn title=&#187;\u0414\u0435\u0439\u0441\u0442\u0432\u0443\u044e\u0449\u0438\u0435 \u041f\u0440\u043e\u0435\u043a\u0442\u044b&#187; color=&#187;chino&#187; align=&#187;center&#187; i_icon_fontawesome=&#187;fas fa-external-link-alt&#187; add_icon=&#187;true&#187; link=&#187;url:%23devamedenru&#187;][\/vc_column][\/vc_row][vc_row rt_row_background_width=&#187;fullwidth&#187; rt_row_content_width=&#187;default&#187; rt_row_style=&#187;default-style&#187; rt_row_borders=&#187;&#187; rt_row_paddings=&#187;true&#187; id=&#187;completed&#187; rt_bg_effect=&#187;classic&#187; rt_bg_image_repeat=&#187;repeat&#187; rt_bg_size=&#187;cover&#187; rt_bg_position=&#187;right top&#187; rt_bg_attachment=&#187;scroll&#187; rt_bg_video_format=&#187;self-hosted&#187;][vc_column rt_wrp_col_paddings=&#187;false&#187; rt_border_top=&#187;&#187; rt_border_bottom=&#187;&#187; rt_border_left=&#187;&#187; rt_border_right=&#187;&#187; rt_border_top_mobile=&#187;&#187; rt_border_bottom_mobile=&#187;&#187; rt_border_left_mobile=&#187;&#187; rt_border_right_mobile=&#187;&#187; rt_bg_image_repeat=&#187;repeat&#187; rt_bg_size=&#187;auto auto&#187; rt_bg_position=&#187;right top&#187; rt_bg_attachment=&#187;scroll&#187;]<div class=\"rt_heading_wrapper style-1\">\n\t\t\t\t\t\t<h2 class=\"rt_heading  style-1\" >\u0417\u0430\u0432\u0435\u0440\u0448\u0435\u043d\u043d\u044b\u0435 \u041f\u0440\u043e\u0435\u043a\u0442\u044b<\/h2>\n\t\t\t\t\t<\/div>[vc_row_inner rt_row_style=&#187;global-style&#187; rt_column_placement=&#187;bottom&#187; rt_row_borders=&#187;&#187; rt_row_paddings=&#187;true&#187; rt_bg_effect=&#187;classic&#187; rt_bg_image_repeat=&#187;repeat&#187; rt_bg_size=&#187;cover&#187; rt_bg_position=&#187;right top&#187; rt_bg_attachment=&#187;scroll&#187; rt_bg_video_format=&#187;self-hosted&#187;][vc_column_inner width=&#187;1\/3&#8243; rt_wrp_col_paddings=&#187;false&#187; rt_border_top=&#187;&#187; rt_border_bottom=&#187;&#187; rt_border_left=&#187;&#187; rt_border_right=&#187;&#187; rt_border_top_mobile=&#187;&#187; rt_border_bottom_mobile=&#187;&#187; rt_border_left_mobile=&#187;&#187; rt_border_right_mobile=&#187;&#187; rt_bg_image_repeat=&#187;repeat&#187; rt_bg_size=&#187;auto auto&#187; rt_bg_position=&#187;right top&#187; rt_bg_attachment=&#187;scroll&#187;]<a href=\"#medgazru\" title=\"T\u0131klay\u0131n\u0131z\" target=\"_self\">\n\t\t\t\t<article id=\"medgazru\" class=\"image-content-box content-box box-style-3 center\" style=\"height:300px;background:url(https:\/\/teknikonmedikal.com\/wp-content\/uploads\/2020\/12\/medikal-gaz-tesisati-2.jpg) no-repeat scroll center center \/ cover;\"> \t\t\t\t\n\t\t\t\t\t<div class=\"text-holder\" style=\"color:#ffffff;background-color:rgba(242,101,34,0.79);\">\n\t\t\t\t\t\t<h2 class=\"heading\"style=\"color:#ffffff;\">\u0421\u0418\u0421\u0422\u0415\u041c\u042b \u041f\u041e\u0414\u0410\u0427\u0418 \u041c\u0415\u0414\u0413\u0410\u0417\u041e\u0412<\/h2> \n\t\t\t\t\t<\/div>\n\t\t\t\t<\/article>\n\t\t<\/a>[\/vc_column_inner][vc_column_inner width=&#187;1\/3&#8243; rt_wrp_col_paddings=&#187;false&#187; rt_border_top=&#187;&#187; rt_border_bottom=&#187;&#187; rt_border_left=&#187;&#187; rt_border_right=&#187;&#187; rt_border_top_mobile=&#187;&#187; rt_border_bottom_mobile=&#187;&#187; rt_border_left_mobile=&#187;&#187; rt_border_right_mobile=&#187;&#187; rt_bg_image_repeat=&#187;repeat&#187; rt_bg_size=&#187;auto auto&#187; rt_bg_position=&#187;right top&#187; rt_bg_attachment=&#187;scroll&#187;]<a href=\"#pnotupru\" title=\"T\u0131klay\u0131n\u0131z\" target=\"_self\">\n\t\t\t\t<article id=\"pnotupru\" class=\"image-content-box content-box box-style-3 center\" style=\"height:300px;background:url(https:\/\/teknikonmedikal.com\/wp-content\/uploads\/2020\/12\/Pnomatik-Tup-Tasima-1.jpg) no-repeat scroll center center \/ cover;\"> \t\t\t\t\n\t\t\t\t\t<div class=\"text-holder\" style=\"color:#ffffff;background-color:rgba(242,101,34,0.79);\">\n\t\t\t\t\t\t<h2 class=\"heading\"style=\"color:#ffffff;\">\u0421\u0418\u0421\u0422\u0415\u041c\u042b \u041f\u041d\u0415\u0412\u041c\u0410\u0422\u0418\u0427\u0415\u0421\u041a\u041e\u0419 \u041f\u041e\u0427\u0422\u042b<\/h2> \n\t\t\t\t\t<\/div>\n\t\t\t\t<\/article>\n\t\t<\/a>[\/vc_column_inner][vc_column_inner width=&#187;1\/3&#8243; rt_wrp_col_paddings=&#187;false&#187; rt_border_top=&#187;&#187; rt_border_bottom=&#187;&#187; rt_border_left=&#187;&#187; rt_border_right=&#187;&#187; rt_border_top_mobile=&#187;&#187; rt_border_bottom_mobile=&#187;&#187; rt_border_left_mobile=&#187;&#187; rt_border_right_mobile=&#187;&#187; rt_bg_image_repeat=&#187;repeat&#187; rt_bg_size=&#187;auto auto&#187; rt_bg_position=&#187;right top&#187; rt_bg_attachment=&#187;scroll&#187;]<a href=\"#labendru\" title=\"T\u0131klay\u0131n\u0131z\" target=\"_self\">\n\t\t\t\t<article id=\"labendru\" class=\"image-content-box content-box box-style-3 center\" style=\"height:300px;background:url(https:\/\/teknikonmedikal.com\/wp-content\/uploads\/2020\/12\/lab-end-gaz-2.jpg) no-repeat scroll center center \/ cover;\"> \t\t\t\t\n\t\t\t\t\t<div class=\"text-holder\" style=\"color:#ffffff;background-color:rgba(242,101,34,0.79);\">\n\t\t\t\t\t\t<h2 class=\"heading\"style=\"color:#ffffff;\">\u0421\u0418\u0421\u0422\u0415\u041c\u042b \u041b\u0410\u0411\u041e\u0420\u0410\u0422\u041e\u0420\u041d\u042b\u0425 \u0418\u041d\u0414\u0423\u0421\u0422\u0420\u0418\u0410\u041b\u042c\u041d\u042b\u0425 \u0413\u0410\u0417\u041e\u0412<\/h2> \n\t\t\t\t\t<\/div>\n\t\t\t\t<\/article>\n\t\t<\/a>[\/vc_column_inner][\/vc_row_inner][vc_row_inner rt_row_style=&#187;global-style&#187; rt_column_placement=&#187;bottom&#187; rt_row_borders=&#187;&#187; rt_row_paddings=&#187;true&#187; rt_bg_effect=&#187;classic&#187; rt_bg_image_repeat=&#187;repeat&#187; rt_bg_size=&#187;cover&#187; rt_bg_position=&#187;right top&#187; rt_bg_attachment=&#187;scroll&#187; rt_bg_video_format=&#187;self-hosted&#187;][vc_column_inner width=&#187;1\/3&#8243; rt_wrp_col_paddings=&#187;false&#187; rt_border_top=&#187;&#187; rt_border_bottom=&#187;&#187; rt_border_left=&#187;&#187; rt_border_right=&#187;&#187; rt_border_top_mobile=&#187;&#187; rt_border_bottom_mobile=&#187;&#187; rt_border_left_mobile=&#187;&#187; rt_border_right_mobile=&#187;&#187; rt_bg_image_repeat=&#187;repeat&#187; rt_bg_size=&#187;auto auto&#187; rt_bg_position=&#187;right top&#187; rt_bg_attachment=&#187;scroll&#187;]<a href=\"#likitokru\" title=\"T\u0131klay\u0131n\u0131z\" target=\"_self\">\n\t\t\t\t<article id=\"likitokru\" class=\"image-content-box content-box box-style-3 center\" style=\"height:300px;background:url(https:\/\/teknikonmedikal.com\/wp-content\/uploads\/2020\/12\/Likit-Oksijen-Tanki.jpg) no-repeat scroll center center \/ cover;\"> \t\t\t\t\n\t\t\t\t\t<div class=\"text-holder\" style=\"color:#ffffff;background-color:rgba(242,101,34,0.79);\">\n\t\t\t\t\t\t<h2 class=\"heading\"style=\"color:#ffffff;\">\u0401\u041c\u041a\u041e\u0421\u0422\u042c \u0414\u041b\u042f \u0416\u0418\u0414\u041a\u041e\u0413\u041e \u041a\u0418\u0421\u041b\u041e\u0420\u041e\u0414\u0410<\/h2> \n\t\t\t\t\t<\/div>\n\t\t\t\t<\/article>\n\t\t<\/a>[\/vc_column_inner][vc_column_inner width=&#187;1\/3&#8243; rt_wrp_col_paddings=&#187;false&#187; rt_border_top=&#187;&#187; rt_border_bottom=&#187;&#187; rt_border_left=&#187;&#187; rt_border_right=&#187;&#187; rt_border_top_mobile=&#187;&#187; rt_border_bottom_mobile=&#187;&#187; rt_border_left_mobile=&#187;&#187; rt_border_right_mobile=&#187;&#187; rt_bg_image_repeat=&#187;repeat&#187; rt_bg_size=&#187;auto auto&#187; rt_bg_position=&#187;right top&#187; rt_bg_attachment=&#187;scroll&#187;]<a href=\"#dezvakru\" title=\"T\u0131klay\u0131n\u0131z\" target=\"_self\">\n\t\t\t\t<article id=\"dezvakru\" class=\"image-content-box content-box box-style-3 center\" style=\"height:300px;background:url(https:\/\/teknikonmedikal.com\/wp-content\/uploads\/2020\/12\/Dezenfeksiyonlu-Vakum-Sistemleri.jpg) no-repeat scroll center center \/ cover;\"> \t\t\t\t\n\t\t\t\t\t<div class=\"text-holder\" style=\"color:#ffffff;background-color:rgba(242,101,34,0.79);\">\n\t\t\t\t\t\t<h2 class=\"heading\"style=\"color:#ffffff;\">\u0412\u0410\u041a\u0423\u0423\u041c\u041d\u0410\u042f \u0423\u0421\u0422\u0410\u041d\u041e\u0412\u041a\u0410 \u0421 \u0414\u0415\u0417\u0418\u041d\u0424\u0415\u041a\u0426\u0418\u0415\u0419<\/h2> \n\t\t\t\t\t<\/div>\n\t\t\t\t<\/article>\n\t\t<\/a>[\/vc_column_inner][vc_column_inner width=&#187;1\/3&#8243; rt_wrp_col_paddings=&#187;false&#187; rt_border_top=&#187;&#187; rt_border_bottom=&#187;&#187; rt_border_left=&#187;&#187; rt_border_right=&#187;&#187; rt_border_top_mobile=&#187;&#187; rt_border_bottom_mobile=&#187;&#187; rt_border_left_mobile=&#187;&#187; rt_border_right_mobile=&#187;&#187; rt_bg_image_repeat=&#187;repeat&#187; rt_bg_size=&#187;auto auto&#187; rt_bg_position=&#187;right top&#187; rt_bg_attachment=&#187;scroll&#187;]<a href=\"#kurkapru\" title=\"T\u0131klay\u0131n\u0131z\" target=\"_self\">\n\t\t\t\t<article id=\"kurkapru\" class=\"image-content-box content-box box-style-3 center\" style=\"height:300px;background:url(https:\/\/teknikonmedikal.com\/wp-content\/uploads\/2020\/12\/Kursun-Kaplama-1.jpg) no-repeat scroll center center \/ cover;\"> \t\t\t\t\n\t\t\t\t\t<div class=\"text-holder\" style=\"color:#ffffff;background-color:rgba(242,101,34,0.79);\">\n\t\t\t\t\t\t<h2 class=\"heading\"style=\"color:#ffffff;\">\u0421\u0412\u0418\u041d\u0426\u041e\u0412\u041e\u0415 \u041f\u041e\u041a\u0420\u042b\u0422\u0418\u0415<\/h2> \n\t\t\t\t\t<\/div>\n\t\t\t\t<\/article>\n\t\t<\/a>[\/vc_column_inner][\/vc_row_inner][vc_row_inner rt_row_style=&#187;global-style&#187; rt_column_placement=&#187;bottom&#187; rt_row_borders=&#187;&#187; rt_row_paddings=&#187;true&#187; rt_bg_effect=&#187;classic&#187; rt_bg_image_repeat=&#187;repeat&#187; rt_bg_size=&#187;cover&#187; rt_bg_position=&#187;right top&#187; rt_bg_attachment=&#187;scroll&#187; rt_bg_video_format=&#187;self-hosted&#187;][vc_column_inner width=&#187;1\/3&#8243; rt_wrp_col_paddings=&#187;false&#187; rt_border_top=&#187;&#187; rt_border_bottom=&#187;&#187; rt_border_left=&#187;&#187; rt_border_right=&#187;&#187; rt_border_top_mobile=&#187;&#187; rt_border_bottom_mobile=&#187;&#187; rt_border_left_mobile=&#187;&#187; rt_border_right_mobile=&#187;&#187; rt_bg_image_repeat=&#187;repeat&#187; rt_bg_size=&#187;auto auto&#187; rt_bg_position=&#187;right top&#187; rt_bg_attachment=&#187;scroll&#187;]<a href=\"#bakonru\" title=\"T\u0131klay\u0131n\u0131z\" target=\"_blank\">\n\t\t\t\t<article id=\"bakonru\" class=\"image-content-box content-box box-style-3 center\" style=\"height:300px;background:url(https:\/\/teknikonmedikal.com\/wp-content\/uploads\/2020\/12\/Bakim-Onarim.jpg) no-repeat scroll center center \/ cover;\"> \t\t\t\t\n\t\t\t\t\t<div class=\"text-holder\" style=\"color:#ffffff;background-color:rgba(242,101,34,0.79);\">\n\t\t\t\t\t\t<h2 class=\"heading\"style=\"color:#ffffff;\">\u0423\u0425\u041e\u0414 \u0418 \u0420\u0415\u041c\u041e\u041d\u0422<\/h2> \n\t\t\t\t\t<\/div>\n\t\t\t\t<\/article>\n\t\t<\/a>[\/vc_column_inner][vc_column_inner width=&#187;1\/3&#8243; rt_wrp_col_paddings=&#187;false&#187; rt_border_top=&#187;&#187; rt_border_bottom=&#187;&#187; rt_border_left=&#187;&#187; rt_border_right=&#187;&#187; rt_border_top_mobile=&#187;&#187; rt_border_bottom_mobile=&#187;&#187; rt_border_left_mobile=&#187;&#187; rt_border_right_mobile=&#187;&#187; rt_bg_image_repeat=&#187;repeat&#187; rt_bg_size=&#187;auto auto&#187; rt_bg_position=&#187;right top&#187; rt_bg_attachment=&#187;scroll&#187;][\/vc_column_inner][vc_column_inner width=&#187;1\/3&#8243; rt_wrp_col_paddings=&#187;false&#187; rt_border_top=&#187;&#187; rt_border_bottom=&#187;&#187; rt_border_left=&#187;&#187; rt_border_right=&#187;&#187; rt_border_top_mobile=&#187;&#187; rt_border_bottom_mobile=&#187;&#187; rt_border_left_mobile=&#187;&#187; rt_border_right_mobile=&#187;&#187; rt_bg_image_repeat=&#187;repeat&#187; rt_bg_size=&#187;auto auto&#187; rt_bg_position=&#187;right top&#187; rt_bg_attachment=&#187;scroll&#187;][\/vc_column_inner][\/vc_row_inner][\/vc_column][\/vc_row]<\/p>\n","protected":false},"excerpt":{"rendered":"<p>[vc_row rt_row_background_width=&#187;fullwidth&#187; rt_row_content_width=&#187;default&#187; rt_row_style=&#187;default-style&#187; rt_row_borders=&#187;&#187; rt_row_paddings=&#187;true&#187; rt_bg_effect=&#187;classic&#187; rt_bg_image_repeat=&#187;repeat&#187; rt_bg_size=&#187;cover&#187; rt_bg_position=&#187;right top&#187; rt_bg_attachment=&#187;scroll&#187; rt_bg_video_format=&#187;self-hosted&#187;][vc_column width=&#187;1\/2&#8243; rt_wrp_col_paddings=&#187;false&#187; rt_border_top=&#187;&#187; rt_border_bottom=&#187;&#187; rt_border_left=&#187;&#187; rt_border_right=&#187;&#187; rt_border_top_mobile=&#187;&#187; rt_border_bottom_mobile=&#187;&#187; rt_border_left_mobile=&#187;&#187; rt_border_right_mobile=&#187;&#187; rt_bg_image_repeat=&#187;repeat&#187; rt_bg_size=&#187;auto auto&#187; rt_bg_position=&#187;right top&#187; rt_bg_attachment=&#187;scroll&#187;][vc_column_text] \u0420\u0435\u043a\u043e\u043c\u0435\u043d\u0434\u0430\u0446\u0438\u0438 \u043f\u043e \u0437\u0430\u0432\u0435\u0440\u0448\u0435\u043d\u043d\u044b\u043c \u0438 \u0434\u0435\u0439\u0441\u0442\u0432\u0443\u044e\u0449\u0438\u043c \u043f\u0440\u043e\u0435\u043a\u0442\u0430\u043c \u043f\u043e \u043a\u0430\u0442\u0435\u0433\u043e\u0440\u0438\u044f \u043f\u0440\u0438\u0432\u0435\u0434\u0435\u043d\u044b \u0432 \u0441\u043f\u0438\u0441\u043a\u0430\u0445 \u0432 \u0444\u043e\u0440\u043c\u0430\u0442\u0435 PDF. [\/vc_column_text][\/vc_column][vc_column width=&#187;1\/4&#8243; rt_wrp_col_paddings=&#187;false&#187; rt_border_top=&#187;&#187; rt_border_bottom=&#187;&#187; rt_border_left=&#187;&#187; rt_border_right=&#187;&#187; rt_border_top_mobile=&#187;&#187; rt_border_bottom_mobile=&#187;&#187; rt_border_left_mobile=&#187;&#187; rt_border_right_mobile=&#187;&#187; rt_bg_image_repeat=&#187;repeat&#187; [&hellip;]<\/p>\n","protected":false},"author":1,"featured_media":0,"parent":0,"menu_order":0,"comment_status":"closed","ping_status":"closed","template":"","meta":{"footnotes":""},"class_list":["post-5193","page","type-page","status-publish","hentry"],"_links":{"self":[{"href":"https:\/\/teknikonmedikal.com\/ru\/wp-json\/wp\/v2\/pages\/5193","targetHints":{"allow":["GET"]}}],"collection":[{"href":"https:\/\/teknikonmedikal.com\/ru\/wp-json\/wp\/v2\/pages"}],"about":[{"href":"https:\/\/teknikonmedikal.com\/ru\/wp-json\/wp\/v2\/types\/page"}],"author":[{"embeddable":true,"href":"https:\/\/teknikonmedikal.com\/ru\/wp-json\/wp\/v2\/users\/1"}],"replies":[{"embeddable":true,"href":"https:\/\/teknikonmedikal.com\/ru\/wp-json\/wp\/v2\/comments?post=5193"}],"version-history":[{"count":5,"href":"https:\/\/teknikonmedikal.com\/ru\/wp-json\/wp\/v2\/pages\/5193\/revisions"}],"predecessor-version":[{"id":5222,"href":"https:\/\/teknikonmedikal.com\/ru\/wp-json\/wp\/v2\/pages\/5193\/revisions\/5222"}],"wp:attachment":[{"href":"https:\/\/teknikonmedikal.com\/ru\/wp-json\/wp\/v2\/media?parent=5193"}],"curies":[{"name":"wp","href":"https:\/\/api.w.org\/{rel}","templated":true}]}}