{"id":5417,"date":"2020-12-11T12:25:36","date_gmt":"2020-12-11T09:25:36","guid":{"rendered":"http:\/\/teknikonmedikal.com\/projects\/"},"modified":"2022-05-03T00:56:49","modified_gmt":"2022-05-02T21:56:49","slug":"projects","status":"publish","type":"page","link":"https:\/\/teknikonmedikal.com\/ru\/projects\/","title":{"rendered":"\u041f\u0420\u041e\u0415\u041a\u0422\u042b"},"content":{"rendered":"<p>[vc_row rt_row_background_width=&#187;default&#187; rt_row_style=&#187;default-style&#187; rt_row_borders=&#187;&#187; rt_row_paddings=&#187;true&#187; rt_bg_effect=&#187;classic&#187; rt_bg_image_repeat=&#187;repeat&#187; rt_bg_size=&#187;cover&#187; rt_bg_position=&#187;right top&#187; rt_bg_attachment=&#187;scroll&#187; rt_bg_video_format=&#187;self-hosted&#187;][vc_column rt_wrp_col_paddings=&#187;false&#187; rt_border_top=&#187;&#187; rt_border_bottom=&#187;&#187; rt_border_left=&#187;&#187; rt_border_right=&#187;&#187; rt_border_top_mobile=&#187;&#187; rt_border_bottom_mobile=&#187;&#187; rt_border_left_mobile=&#187;&#187; rt_border_right_mobile=&#187;&#187; rt_bg_image_repeat=&#187;repeat&#187; rt_bg_size=&#187;auto auto&#187; rt_bg_position=&#187;right top&#187; rt_bg_attachment=&#187;scroll&#187;]\n\t\t\t\t\t\t<div class=\"filter-holder\" data-list-id=\"portfolio-dynamicID-936280\">\n\t\t\t\t\t\t<ul class=\"filter_navigation\"><li><a href=\"#\" data-filter=\"*\" class=\"active animate\" title=\"Show All\"><span class=\"icon-filter\"><\/span><\/a><\/li> <li><a href=\"#\" data-filter=\".dezenfeksiyonlu-vakum-sistemi\">Dezenfeksiyonlu Vakum Sistemi<\/a><\/li><li><a href=\"#\" data-filter=\".laboratuvar-endustriyel-gaz-tesisati\">Laboratuvar End\u00fcstriyel Gaz Tesisat\u0131<\/a><\/li><li><a href=\"#\" data-filter=\".medikal-gaz-tesisati\">Medikal Gaz Tesisat\u0131<\/a><\/li><li><a href=\"#\" data-filter=\".pnomatik-tup-tasima-sistemi\">Pn\u00f6matik T\u00fcp Ta\u015f\u0131ma Sistemi<\/a><\/li><li><a href=\"#\" data-filter=\".tamamlanan-projeler\">Tamamlanan Projeler<\/a><\/li><\/ul>\n\t\t\t\t\t\t<\/div>\n<div id=\"portfolio-dynamicID-936280\" class=\"portfolio_list clearfix  border_grid fixed_heights filterable\" data-column-width=\"4\">\n<div class=\"row clearfix\">\n<div class=\"col col-sm-3   completed-projects-ru medical-gas-installation-ru\">\n \n\n<!-- portfolio box-->\n<div class=\"loop style-1 image post-5337 portfolio type-portfolio status-publish has-post-thumbnail hentry portfolio_categories-completed-projects-ru portfolio_categories-medical-gas-installation-ru\" id=\"portfolio-5337\">\n\n\t\n\n\t\t\t\t<figure class=\"featured_image\">\n\t\t\t\t\t<img decoding=\"async\" src=\"https:\/\/teknikonmedikal.com\/wp-content\/uploads\/2020\/12\/1-Prof.-Dr.-Feriha-Oz-Acil-Durum-Hastanesi-400x267.jpg\" alt=\"\" class=\"\" \/>\n\t\t\t\t\t<div class=\"overlay\"><ul class=\"action_buttons\"><li><a class=\"link\" href=\"https:\/\/teknikonmedikal.com\/ru\/project-details\/sancaktepe-field-hospital\/\" title=\"\u041f\u043e\u043b\u0435\u0432\u0430\u044f \u0411\u043e\u043b\u044c\u043d\u0438\u0446\u0430 \u00ab\u0421\u0430\u043d\u0434\u0436\u0430\u043a\u0442\u0435\u043f\u0435\u00bb\" target=\"_self\"><\/a><\/li><\/ul><\/div>\n\t\t\t\t<\/figure>\n\n\t\t\t\t<section class=\"text\">\n\t\t\t\t\t<h5><a href=\"https:\/\/teknikonmedikal.com\/ru\/project-details\/sancaktepe-field-hospital\/\" target=\"_self\" rel=\"bookmark\">\u041f\u043e\u043b\u0435\u0432\u0430\u044f \u0411\u043e\u043b\u044c\u043d\u0438\u0446\u0430 \u00ab\u0421\u0430\u043d\u0434\u0436\u0430\u043a\u0442\u0435\u043f\u0435\u00bb<\/a><\/h5>\n\t\t\t\t\t\n\t\t\t\t<\/section> \n\n\t\t\t\n<\/div> \n<!-- \/ portfolio box-->\n<\/div>\n<div class=\"col col-sm-3   completed-projects-ru medical-gas-installation-ru\">\n \n\n<!-- portfolio box-->\n<div class=\"loop style-1 image post-5343 portfolio type-portfolio status-publish has-post-thumbnail hentry portfolio_categories-completed-projects-ru portfolio_categories-medical-gas-installation-ru\" id=\"portfolio-5343\">\n\n\t\n\n\t\t\t\t<figure class=\"featured_image\">\n\t\t\t\t\t<img decoding=\"async\" src=\"https:\/\/teknikonmedikal.com\/wp-content\/uploads\/2020\/12\/1-Prof-Dr-Murat-Dilmener-Acil-Durum-Hastanesi-400x267.jpg\" alt=\"\" class=\"\" \/>\n\t\t\t\t\t<div class=\"overlay\"><ul class=\"action_buttons\"><li><a class=\"link\" href=\"https:\/\/teknikonmedikal.com\/ru\/project-details\/yesilkoy-field-hospital\/\" title=\"\u041f\u043e\u043b\u0435\u0432\u0430\u044f \u0411\u043e\u043b\u044c\u043d\u0438\u0446\u0430 \u00ab\u0415\u0448\u0438\u043b\u044c\u043a\u0451\u0439\u00bb\" target=\"_self\"><\/a><\/li><\/ul><\/div>\n\t\t\t\t<\/figure>\n\n\t\t\t\t<section class=\"text\">\n\t\t\t\t\t<h5><a href=\"https:\/\/teknikonmedikal.com\/ru\/project-details\/yesilkoy-field-hospital\/\" target=\"_self\" rel=\"bookmark\">\u041f\u043e\u043b\u0435\u0432\u0430\u044f \u0411\u043e\u043b\u044c\u043d\u0438\u0446\u0430 \u00ab\u0415\u0448\u0438\u043b\u044c\u043a\u0451\u0439\u00bb<\/a><\/h5>\n\t\t\t\t\t\n\t\t\t\t<\/section> \n\n\t\t\t\n<\/div> \n<!-- \/ portfolio box-->\n<\/div>\n<div class=\"col col-sm-3   completed-projects-ru medical-gas-installation-ru\">\n \n\n<!-- portfolio box-->\n<div class=\"loop style-1 image post-5349 portfolio type-portfolio status-publish has-post-thumbnail hentry portfolio_categories-completed-projects-ru portfolio_categories-medical-gas-installation-ru\" id=\"portfolio-5349\">\n\n\t\n\n\t\t\t\t<figure class=\"featured_image\">\n\t\t\t\t\t<img decoding=\"async\" src=\"https:\/\/teknikonmedikal.com\/wp-content\/uploads\/2020\/12\/1-Basaksehir-Cam-ve-Sakura-Hastanesi-400x267.jpg\" alt=\"\" class=\"\" \/>\n\t\t\t\t\t<div class=\"overlay\"><ul class=\"action_buttons\"><li><a class=\"link\" href=\"https:\/\/teknikonmedikal.com\/ru\/project-details\/basaksehir-city-hospital\/\" title=\"\u0413\u043e\u0440\u043e\u0434\u0441\u043a\u0430\u044f \u0411\u043e\u043b\u044c\u043d\u0438\u0446\u0430 \u0411\u0430\u0448\u0430\u043a\u0448\u0435\u0445\u0438\u0440\" target=\"_self\"><\/a><\/li><\/ul><\/div>\n\t\t\t\t<\/figure>\n\n\t\t\t\t<section class=\"text\">\n\t\t\t\t\t<h5><a href=\"https:\/\/teknikonmedikal.com\/ru\/project-details\/basaksehir-city-hospital\/\" target=\"_self\" rel=\"bookmark\">\u0413\u043e\u0440\u043e\u0434\u0441\u043a\u0430\u044f \u0411\u043e\u043b\u044c\u043d\u0438\u0446\u0430 \u0411\u0430\u0448\u0430\u043a\u0448\u0435\u0445\u0438\u0440<\/a><\/h5>\n\t\t\t\t\t\n\t\t\t\t<\/section> \n\n\t\t\t\n<\/div> \n<!-- \/ portfolio box-->\n<\/div>\n<div class=\"col col-sm-3   completed-projects-ru medical-gas-installation-ru\">\n \n\n<!-- portfolio box-->\n<div class=\"loop style-1 image post-5355 portfolio type-portfolio status-publish has-post-thumbnail hentry portfolio_categories-completed-projects-ru portfolio_categories-medical-gas-installation-ru\" id=\"portfolio-5355\">\n\n\t\n\n\t\t\t\t<figure class=\"featured_image\">\n\t\t\t\t\t<img decoding=\"async\" src=\"https:\/\/teknikonmedikal.com\/wp-content\/uploads\/2020\/12\/Bursa-Sehir-Hastanesi-400x267.jpg\" alt=\"\" class=\"\" \/>\n\t\t\t\t\t<div class=\"overlay\"><ul class=\"action_buttons\"><li><a class=\"link\" href=\"https:\/\/teknikonmedikal.com\/ru\/project-details\/bursa-city-hospital\/\" title=\"\u0411\u0443\u0440\u0441\u0438\u043d\u0441\u043a\u0430\u044f \u0413\u043e\u0440\u043e\u0434\u0441\u043a\u0430\u044f \u0411\u043e\u043b\u044c\u043d\u0438\u0446\u0430\" target=\"_self\"><\/a><\/li><\/ul><\/div>\n\t\t\t\t<\/figure>\n\n\t\t\t\t<section class=\"text\">\n\t\t\t\t\t<h5><a href=\"https:\/\/teknikonmedikal.com\/ru\/project-details\/bursa-city-hospital\/\" target=\"_self\" rel=\"bookmark\">\u0411\u0443\u0440\u0441\u0438\u043d\u0441\u043a\u0430\u044f \u0413\u043e\u0440\u043e\u0434\u0441\u043a\u0430\u044f \u0411\u043e\u043b\u044c\u043d\u0438\u0446\u0430<\/a><\/h5>\n\t\t\t\t\t\n\t\t\t\t<\/section> \n\n\t\t\t\n<\/div> \n<!-- \/ portfolio box-->\n<\/div>\n<\/div>\n<div class=\"row clearfix\">\n<div class=\"col col-sm-3   completed-projects-ru pneumatic-tube-carrying-system-ru\">\n \n\n<!-- portfolio box-->\n<div class=\"loop style-1 image post-5361 portfolio type-portfolio status-publish has-post-thumbnail hentry portfolio_categories-completed-projects-ru portfolio_categories-pneumatic-tube-carrying-system-ru\" id=\"portfolio-5361\">\n\n\t\n\n\t\t\t\t<figure class=\"featured_image\">\n\t\t\t\t\t<img decoding=\"async\" src=\"https:\/\/teknikonmedikal.com\/wp-content\/uploads\/2020\/12\/1-Diyarbakir-Bati-Goz-Hastanesi-400x267.jpg\" alt=\"\" class=\"\" \/>\n\t\t\t\t\t<div class=\"overlay\"><ul class=\"action_buttons\"><li><a class=\"link\" href=\"https:\/\/teknikonmedikal.com\/ru\/project-details\/diyarbakir-batigoz-hospital\/\" title=\"\u0414\u0438\u044f\u0440\u0431\u0430\u043a\u044b\u0440\u0441\u043a\u0430\u044f \u0411\u043e\u043b\u044c\u043d\u0438\u0446\u0430 \u00ab\u0411\u0430\u0442\u044b\u0433\u0451\u0437\u00bb\" target=\"_self\"><\/a><\/li><\/ul><\/div>\n\t\t\t\t<\/figure>\n\n\t\t\t\t<section class=\"text\">\n\t\t\t\t\t<h5><a href=\"https:\/\/teknikonmedikal.com\/ru\/project-details\/diyarbakir-batigoz-hospital\/\" target=\"_self\" rel=\"bookmark\">\u0414\u0438\u044f\u0440\u0431\u0430\u043a\u044b\u0440\u0441\u043a\u0430\u044f \u0411\u043e\u043b\u044c\u043d\u0438\u0446\u0430 \u00ab\u0411\u0430\u0442\u044b\u0433\u0451\u0437\u00bb<\/a><\/h5>\n\t\t\t\t\t\n\t\t\t\t<\/section> \n\n\t\t\t\n<\/div> \n<!-- \/ portfolio box-->\n<\/div>\n<div class=\"col col-sm-3   completed-projects-ru medical-gas-installation-ru\">\n \n\n<!-- portfolio box-->\n<div class=\"loop style-1 image post-5367 portfolio type-portfolio status-publish has-post-thumbnail hentry portfolio_categories-completed-projects-ru portfolio_categories-medical-gas-installation-ru\" id=\"portfolio-5367\">\n\n\t\n\n\t\t\t\t<figure class=\"featured_image\">\n\t\t\t\t\t<img decoding=\"async\" src=\"https:\/\/teknikonmedikal.com\/wp-content\/uploads\/2020\/12\/1-Elazig-Sehir-Hastanesi-400x267.jpg\" alt=\"\" class=\"\" \/>\n\t\t\t\t\t<div class=\"overlay\"><ul class=\"action_buttons\"><li><a class=\"link\" href=\"https:\/\/teknikonmedikal.com\/ru\/project-details\/elazig-city-hospital\/\" title=\"\u042d\u043b\u0430\u0437\u0438\u0433\u0441\u043a\u0430\u044f \u0413\u043e\u0440\u043e\u0434\u0441\u043a\u0430\u044f \u0411\u043e\u043b\u044c\u043d\u0438\u0446\u0430\" target=\"_self\"><\/a><\/li><\/ul><\/div>\n\t\t\t\t<\/figure>\n\n\t\t\t\t<section class=\"text\">\n\t\t\t\t\t<h5><a href=\"https:\/\/teknikonmedikal.com\/ru\/project-details\/elazig-city-hospital\/\" target=\"_self\" rel=\"bookmark\">\u042d\u043b\u0430\u0437\u0438\u0433\u0441\u043a\u0430\u044f \u0413\u043e\u0440\u043e\u0434\u0441\u043a\u0430\u044f \u0411\u043e\u043b\u044c\u043d\u0438\u0446\u0430<\/a><\/h5>\n\t\t\t\t\t\n\t\t\t\t<\/section> \n\n\t\t\t\n<\/div> \n<!-- \/ portfolio box-->\n<\/div>\n<div class=\"col col-sm-3   completed-projects-ru medical-gas-installation-ru\">\n \n\n<!-- portfolio box-->\n<div class=\"loop style-1 image post-5373 portfolio type-portfolio status-publish has-post-thumbnail hentry portfolio_categories-completed-projects-ru portfolio_categories-medical-gas-installation-ru\" id=\"portfolio-5373\">\n\n\t\n\n\t\t\t\t<figure class=\"featured_image\">\n\t\t\t\t\t<img decoding=\"async\" src=\"https:\/\/teknikonmedikal.com\/wp-content\/uploads\/2020\/12\/1-Adana-Sehir-Hastanesi-400x267.jpg\" alt=\"\" class=\"\" \/>\n\t\t\t\t\t<div class=\"overlay\"><ul class=\"action_buttons\"><li><a class=\"link\" href=\"https:\/\/teknikonmedikal.com\/ru\/project-details\/adana-city-hospital\/\" title=\"\u0410\u0434\u0430\u043d\u0438\u043d\u0441\u043a\u0430\u044f \u0413\u043e\u0440\u043e\u0434\u0441\u043a\u0430\u044f \u0411\u043e\u043b\u044c\u043d\u0438\u0446\u0430\" target=\"_self\"><\/a><\/li><\/ul><\/div>\n\t\t\t\t<\/figure>\n\n\t\t\t\t<section class=\"text\">\n\t\t\t\t\t<h5><a href=\"https:\/\/teknikonmedikal.com\/ru\/project-details\/adana-city-hospital\/\" target=\"_self\" rel=\"bookmark\">\u0410\u0434\u0430\u043d\u0438\u043d\u0441\u043a\u0430\u044f \u0413\u043e\u0440\u043e\u0434\u0441\u043a\u0430\u044f \u0411\u043e\u043b\u044c\u043d\u0438\u0446\u0430<\/a><\/h5>\n\t\t\t\t\t\n\t\t\t\t<\/section> \n\n\t\t\t\n<\/div> \n<!-- \/ portfolio box-->\n<\/div>\n<div class=\"col col-sm-3   disinfected-vacuum-system-ru completed-projects-ru\">\n \n\n<!-- portfolio box-->\n<div class=\"loop style-1 image post-5379 portfolio type-portfolio status-publish has-post-thumbnail hentry portfolio_categories-disinfected-vacuum-system-ru portfolio_categories-completed-projects-ru\" id=\"portfolio-5379\">\n\n\t\n\n\t\t\t\t<figure class=\"featured_image\">\n\t\t\t\t\t<img decoding=\"async\" src=\"https:\/\/teknikonmedikal.com\/wp-content\/uploads\/2020\/12\/1-Ondokuzmayis-Uni.-Dis-Hekimligi-Fakultesi-2-400x267.jpg\" alt=\"\" class=\"\" \/>\n\t\t\t\t\t<div class=\"overlay\"><ul class=\"action_buttons\"><li><a class=\"link\" href=\"https:\/\/teknikonmedikal.com\/ru\/project-details\/samsun-omu-faculty-of-dentistry\/\" title=\"\u0424\u0430\u043a\u0443\u043b\u044c\u0442\u0435\u0442 \u0421\u0442\u043e\u043c\u0430\u0442\u043e\u043b\u043e\u0433\u0438\u0447\u0435\u0441\u043a\u0438\u0439 \u0421\u0430\u043c\u0441\u0443\u043d\u0441\u043a\u043e\u0433\u043e \u0423\u043d\u0438\u0432\u0435\u0440\u0441\u0438\u0442\u0435\u0442\u0430\" target=\"_self\"><\/a><\/li><\/ul><\/div>\n\t\t\t\t<\/figure>\n\n\t\t\t\t<section class=\"text\">\n\t\t\t\t\t<h5><a href=\"https:\/\/teknikonmedikal.com\/ru\/project-details\/samsun-omu-faculty-of-dentistry\/\" target=\"_self\" rel=\"bookmark\">\u0424\u0430\u043a\u0443\u043b\u044c\u0442\u0435\u0442 \u0421\u0442\u043e\u043c\u0430\u0442\u043e\u043b\u043e\u0433\u0438\u0447\u0435\u0441\u043a\u0438\u0439 \u0421\u0430\u043c\u0441\u0443\u043d\u0441\u043a\u043e\u0433\u043e \u0423\u043d\u0438\u0432\u0435\u0440\u0441\u0438\u0442\u0435\u0442\u0430<\/a><\/h5>\n\t\t\t\t\t\n\t\t\t\t<\/section> \n\n\t\t\t\n<\/div> \n<!-- \/ portfolio box-->\n<\/div>\n<\/div>\n<\/div>\n<div class=\"paging_wrapper margin-t30 margin-b30\"><ul class='page-numbers'>\n\t<li><span aria-current=\"page\" class=\"page-numbers current\">1<\/span><\/li>\n\t<li><a class=\"page-numbers\" href=\"https:\/\/teknikonmedikal.com\/ru\/wp-json\/wp\/v2\/pages\/5417\/page\/2\/\">2<\/a><\/li>\n\t<li><a class=\"next page-numbers\" href=\"https:\/\/teknikonmedikal.com\/ru\/wp-json\/wp\/v2\/pages\/5417\/page\/2\/\"><span class=\"icon-angle-right\"><\/span><\/a><\/li>\n<\/ul>\n<\/div>[\/vc_column][\/vc_row]<\/p>\n","protected":false},"excerpt":{"rendered":"<p>[vc_row rt_row_background_width=&#187;default&#187; rt_row_style=&#187;default-style&#187; rt_row_borders=&#187;&#187; rt_row_paddings=&#187;true&#187; rt_bg_effect=&#187;classic&#187; rt_bg_image_repeat=&#187;repeat&#187; rt_bg_size=&#187;cover&#187; rt_bg_position=&#187;right top&#187; rt_bg_attachment=&#187;scroll&#187; rt_bg_video_format=&#187;self-hosted&#187;][vc_column rt_wrp_col_paddings=&#187;false&#187; rt_border_top=&#187;&#187; rt_border_bottom=&#187;&#187; rt_border_left=&#187;&#187; rt_border_right=&#187;&#187; rt_border_top_mobile=&#187;&#187; rt_border_bottom_mobile=&#187;&#187; rt_border_left_mobile=&#187;&#187; rt_border_right_mobile=&#187;&#187; rt_bg_image_repeat=&#187;repeat&#187; rt_bg_size=&#187;auto auto&#187; rt_bg_position=&#187;right top&#187; rt_bg_attachment=&#187;scroll&#187;][\/vc_column][\/vc_row]<\/p>\n","protected":false},"author":1,"featured_media":0,"parent":0,"menu_order":0,"comment_status":"closed","ping_status":"closed","template":"","meta":{"footnotes":""},"class_list":["post-5417","page","type-page","status-publish","hentry"],"_links":{"self":[{"href":"https:\/\/teknikonmedikal.com\/ru\/wp-json\/wp\/v2\/pages\/5417","targetHints":{"allow":["GET"]}}],"collection":[{"href":"https:\/\/teknikonmedikal.com\/ru\/wp-json\/wp\/v2\/pages"}],"about":[{"href":"https:\/\/teknikonmedikal.com\/ru\/wp-json\/wp\/v2\/types\/page"}],"author":[{"embeddable":true,"href":"https:\/\/teknikonmedikal.com\/ru\/wp-json\/wp\/v2\/users\/1"}],"replies":[{"embeddable":true,"href":"https:\/\/teknikonmedikal.com\/ru\/wp-json\/wp\/v2\/comments?post=5417"}],"version-history":[{"count":1,"href":"https:\/\/teknikonmedikal.com\/ru\/wp-json\/wp\/v2\/pages\/5417\/revisions"}],"predecessor-version":[{"id":5418,"href":"https:\/\/teknikonmedikal.com\/ru\/wp-json\/wp\/v2\/pages\/5417\/revisions\/5418"}],"wp:attachment":[{"href":"https:\/\/teknikonmedikal.com\/ru\/wp-json\/wp\/v2\/media?parent=5417"}],"curies":[{"name":"wp","href":"https:\/\/api.w.org\/{rel}","templated":true}]}}